{"id":23949,"date":"2018-06-01T15:34:12","date_gmt":"2018-06-01T12:34:12","guid":{"rendered":"https:\/\/www.2silda.ee\/?page_id=23949"},"modified":"2018-06-01T15:45:26","modified_gmt":"2018-06-01T12:45:26","slug":"personal-data-protection","status":"publish","type":"page","link":"https:\/\/www.2silda.ee\/en\/personal-data-protection\/","title":{"rendered":"Personal Data Protection"},"content":{"rendered":"<p><span style=\"font-family: georgia, palatino, serif; font-size: 14px;\"><strong>Personal data processing and protection policy of P\u00e4rnu Two Bridges Club NGO<\/strong><\/span><\/p>\n<p><span style=\"font-family: georgia, palatino, serif; font-size: 14px;\">Sports club P\u00e4rnu Two Bridges Club NGO (hereinafter \u201ewe\u201d, \u201eus\u201c or \u201cour\u201d) is responsible for ensuring that your personal data is processed in compliance with <a href=\"https:\/\/eur-lex.europa.eu\/legal-content\/EN\/TXT\/PDF\/?uri=OJ:L:2016:119:FULL&amp;from=EN\">European data protection law<\/a> valid from May 25<span style=\"font-size: 12px;\"><sup>th<\/sup><\/span> 2018. <\/span><span style=\"font-family: georgia, palatino, serif; font-size: 14px;\">To understand how your data is collected, processed and protected, please see the information below.<\/span><\/p>\n<h2><span style=\"font-family: georgia, palatino, serif; font-size: 14px;\"><strong>Collection of personal data<\/strong><\/span><\/h2>\n<p><span style=\"font-family: georgia, palatino, serif; font-size: 14px;\">We collect and process your personal data that is needed to provide high-quality service on our sport events.<br \/>\n<\/span><span style=\"font-family: georgia, palatino, serif; font-size: 14px;\">We collect your personal data through following means:<br \/>\n1) <\/span><span style=\"font-family: georgia, palatino, serif; font-size: 14px;\">By registering to our events through our website <a href=\"http:\/\/www.2silda.ee\">2silda.ee<\/a> registration form.<br \/>\n2) <\/span><span style=\"font-family: georgia, palatino, serif; font-size: 14px;\">By registering to our events on a paper form.<\/span><\/p>\n<p><span style=\"font-family: georgia, palatino, serif; font-size: 14px;\">Data that is collected:<br \/>\n*\u00a0 <\/span><span style=\"font-family: georgia, palatino, serif; font-size: 14px;\">First name and surname;<br \/>\n*\u00a0 <\/span><span style=\"font-family: georgia, palatino, serif; font-size: 14px;\">Date of birth;<br \/>\n*\u00a0 <\/span><span style=\"font-family: georgia, palatino, serif; font-size: 14px;\">Gender;<br \/>\n*\u00a0 <\/span><span style=\"font-family: georgia, palatino, serif; font-size: 14px;\">Contact information (address, phone number, e-mail address);<br \/>\n*\u00a0 <\/span><span style=\"font-family: georgia, palatino, serif; font-size: 14px;\">As additional information you may add information about sports club membership, educational institution and company you represent.<\/span><\/p>\n<h2><span style=\"font-family: georgia, palatino, serif; font-size: 14px;\"><strong>Security<\/strong><\/span><\/h2>\n<ul>\n<li><span style=\"font-family: georgia, palatino, serif; font-size: 14px;\">Your personal data will be treated and processed confidentially and we do not disclose your personal data to third parties, except when permitted or required by law or permit is granted by the person to whom the data belongs.<\/span><\/li>\n<li><span style=\"font-family: georgia, palatino, serif; font-size: 14px;\">Personal data is disclosed to our contractual partners \/ services providers e.g. time tracking company and P\u00e4rnu Postimees, that will publish the finish protocol with participants name, time and age group.<\/span><\/li>\n<li><span style=\"font-family: georgia, palatino, serif; font-size: 14px;\">We will use certified and secure technological tools to collect personal data and we control the usage of your personal data regularly.<\/span><\/li>\n<li><span style=\"font-family: georgia, palatino, serif; font-size: 14px;\">In our organization personal data is processed by authorized and trained members. Our people are aware of the personal data protection principles and are responsible for eventual rules violation.<\/span><\/li>\n<\/ul>\n<h2><span style=\"font-family: georgia, palatino, serif; font-size: 14px;\"><strong>How do we use personal data?<\/strong><\/span><\/h2>\n<ul>\n<li><span style=\"font-family: georgia, palatino, serif; font-size: 14px;\">With your consent we may send you information about sports events organized by us and our partners. You have always rights to unsubscribe from the customer list by informing us via email to info@2silda.ee.<\/span><\/li>\n<li><span style=\"font-family: georgia, palatino, serif; font-size: 14px;\">We send you participant\u2019s reminder and follow-up email with feedback questionnaire in order to improve service quality of the event. These letters will be sent to the email address provided on the registration form.<\/span><\/li>\n<li><span style=\"font-family: georgia, palatino, serif; font-size: 14px;\">We publish your name, age group and county of residence in the start protocol of the event.<\/span><\/li>\n<li><span style=\"font-family: georgia, palatino, serif; font-size: 14px;\">We publish your name, age group, county of residence, time and place in the finish protocol of the event.<\/span><\/li>\n<\/ul>\n<h2><span style=\"font-family: georgia, palatino, serif; font-size: 14px;\"><strong>Your rights<\/strong><\/span><\/h2>\n<ul>\n<li><span style=\"font-family: georgia, palatino, serif; font-size: 14px;\">You have a right to submit a query regarding your personal data we process about you.<\/span><\/li>\n<li><span style=\"font-family: georgia, palatino, serif; font-size: 14px;\">You have a right to recall your data for processing by sending an e-mail to info@2silda.ee.<\/span><\/li>\n<\/ul>\n<p>&nbsp;<\/p>\n","protected":false},"excerpt":{"rendered":"<p>Personal data processing and protection policy of P\u00e4rnu Two Bridges Club NGO Sports club P\u00e4rnu Two Bridges Club NGO (hereinafter \u201ewe\u201d, \u201eus\u201c or \u201cour\u201d) is responsible for ensuring that your personal data is processed in compliance with European data protection law valid from May 25th 2018. To understand how your data is collected, processed and  [&#8230;]<\/p>\n","protected":false},"author":1,"featured_media":0,"parent":0,"menu_order":0,"comment_status":"closed","ping_status":"closed","template":"","meta":{"_acf_changed":false,"footnotes":""},"class_list":["post-23949","page","type-page","status-publish","hentry"],"acf":[],"yoast_head":"<!-- This site is optimized with the Yoast SEO plugin v27.3 - https:\/\/yoast.com\/product\/yoast-seo-wordpress\/ -->\n<title>Personal Data Protection - P\u00e4rnu Kahe Silla Klubi<\/title>\n<meta name=\"robots\" content=\"index, follow, max-snippet:-1, max-image-preview:large, max-video-preview:-1\" \/>\n<link rel=\"canonical\" href=\"https:\/\/www.2silda.ee\/en\/personal-data-protection\/\" \/>\n<meta property=\"og:locale\" content=\"en_US\" \/>\n<meta property=\"og:type\" content=\"article\" \/>\n<meta property=\"og:title\" content=\"Personal Data Protection - P\u00e4rnu Kahe Silla Klubi\" \/>\n<meta property=\"og:description\" content=\"Personal data processing and protection policy of P\u00e4rnu Two Bridges Club NGO Sports club P\u00e4rnu Two Bridges Club NGO (hereinafter \u201ewe\u201d, \u201eus\u201c or \u201cour\u201d) is responsible for ensuring that your personal data is processed in compliance with European data protection law valid from May 25th 2018. To understand how your data is collected, processed and [...]\" \/>\n<meta property=\"og:url\" content=\"https:\/\/www.2silda.ee\/en\/personal-data-protection\/\" \/>\n<meta property=\"og:site_name\" content=\"P\u00e4rnu Kahe Silla Klubi\" \/>\n<meta property=\"article:publisher\" content=\"https:\/\/www.facebook.com\/kahesillaklubi\/\" \/>\n<meta property=\"article:modified_time\" content=\"2018-06-01T12:45:26+00:00\" \/>\n<meta name=\"twitter:card\" content=\"summary_large_image\" \/>\n<meta name=\"twitter:label1\" content=\"Est. reading time\" \/>\n\t<meta name=\"twitter:data1\" content=\"2 minutes\" \/>\n<script type=\"application\/ld+json\" class=\"yoast-schema-graph\">{\"@context\":\"https:\\\/\\\/schema.org\",\"@graph\":[{\"@type\":\"WebPage\",\"@id\":\"https:\\\/\\\/www.2silda.ee\\\/en\\\/personal-data-protection\\\/\",\"url\":\"https:\\\/\\\/www.2silda.ee\\\/en\\\/personal-data-protection\\\/\",\"name\":\"Personal Data Protection - P\u00e4rnu Kahe Silla Klubi\",\"isPartOf\":{\"@id\":\"https:\\\/\\\/www.2silda.ee\\\/#website\"},\"datePublished\":\"2018-06-01T12:34:12+00:00\",\"dateModified\":\"2018-06-01T12:45:26+00:00\",\"breadcrumb\":{\"@id\":\"https:\\\/\\\/www.2silda.ee\\\/en\\\/personal-data-protection\\\/#breadcrumb\"},\"inLanguage\":\"en-US\",\"potentialAction\":[{\"@type\":\"ReadAction\",\"target\":[\"https:\\\/\\\/www.2silda.ee\\\/en\\\/personal-data-protection\\\/\"]}]},{\"@type\":\"BreadcrumbList\",\"@id\":\"https:\\\/\\\/www.2silda.ee\\\/en\\\/personal-data-protection\\\/#breadcrumb\",\"itemListElement\":[{\"@type\":\"ListItem\",\"position\":1,\"name\":\"Home\",\"item\":\"https:\\\/\\\/www.2silda.ee\\\/en\\\/pealeht-2\\\/\"},{\"@type\":\"ListItem\",\"position\":2,\"name\":\"Personal Data Protection\"}]},{\"@type\":\"WebSite\",\"@id\":\"https:\\\/\\\/www.2silda.ee\\\/#website\",\"url\":\"https:\\\/\\\/www.2silda.ee\\\/\",\"name\":\"P\u00e4rnu Kahe Silla Klubi\",\"description\":\"\",\"publisher\":{\"@id\":\"https:\\\/\\\/www.2silda.ee\\\/#organization\"},\"potentialAction\":[{\"@type\":\"SearchAction\",\"target\":{\"@type\":\"EntryPoint\",\"urlTemplate\":\"https:\\\/\\\/www.2silda.ee\\\/?s={search_term_string}\"},\"query-input\":{\"@type\":\"PropertyValueSpecification\",\"valueRequired\":true,\"valueName\":\"search_term_string\"}}],\"inLanguage\":\"en-US\"},{\"@type\":\"Organization\",\"@id\":\"https:\\\/\\\/www.2silda.ee\\\/#organization\",\"name\":\"P\u00e4rnu Kahe Silla Klubi\",\"url\":\"https:\\\/\\\/www.2silda.ee\\\/\",\"logo\":{\"@type\":\"ImageObject\",\"inLanguage\":\"en-US\",\"@id\":\"https:\\\/\\\/www.2silda.ee\\\/#\\\/schema\\\/logo\\\/image\\\/\",\"url\":\"https:\\\/\\\/www.2silda.ee\\\/wp-content\\\/uploads\\\/2022\\\/09\\\/2sillaklubi.png\",\"contentUrl\":\"https:\\\/\\\/www.2silda.ee\\\/wp-content\\\/uploads\\\/2022\\\/09\\\/2sillaklubi.png\",\"width\":400,\"height\":132,\"caption\":\"P\u00e4rnu Kahe Silla Klubi\"},\"image\":{\"@id\":\"https:\\\/\\\/www.2silda.ee\\\/#\\\/schema\\\/logo\\\/image\\\/\"},\"sameAs\":[\"https:\\\/\\\/www.facebook.com\\\/kahesillaklubi\\\/\",\"https:\\\/\\\/www.youtube.com\\\/user\\\/kahesillaklubi\"]}]}<\/script>\n<!-- \/ Yoast SEO plugin. -->","yoast_head_json":{"title":"Personal Data Protection - P\u00e4rnu Kahe Silla Klubi","robots":{"index":"index","follow":"follow","max-snippet":"max-snippet:-1","max-image-preview":"max-image-preview:large","max-video-preview":"max-video-preview:-1"},"canonical":"https:\/\/www.2silda.ee\/en\/personal-data-protection\/","og_locale":"en_US","og_type":"article","og_title":"Personal Data Protection - P\u00e4rnu Kahe Silla Klubi","og_description":"Personal data processing and protection policy of P\u00e4rnu Two Bridges Club NGO Sports club P\u00e4rnu Two Bridges Club NGO (hereinafter \u201ewe\u201d, \u201eus\u201c or \u201cour\u201d) is responsible for ensuring that your personal data is processed in compliance with European data protection law valid from May 25th 2018. To understand how your data is collected, processed and [...]","og_url":"https:\/\/www.2silda.ee\/en\/personal-data-protection\/","og_site_name":"P\u00e4rnu Kahe Silla Klubi","article_publisher":"https:\/\/www.facebook.com\/kahesillaklubi\/","article_modified_time":"2018-06-01T12:45:26+00:00","twitter_card":"summary_large_image","twitter_misc":{"Est. reading time":"2 minutes"},"schema":{"@context":"https:\/\/schema.org","@graph":[{"@type":"WebPage","@id":"https:\/\/www.2silda.ee\/en\/personal-data-protection\/","url":"https:\/\/www.2silda.ee\/en\/personal-data-protection\/","name":"Personal Data Protection - P\u00e4rnu Kahe Silla Klubi","isPartOf":{"@id":"https:\/\/www.2silda.ee\/#website"},"datePublished":"2018-06-01T12:34:12+00:00","dateModified":"2018-06-01T12:45:26+00:00","breadcrumb":{"@id":"https:\/\/www.2silda.ee\/en\/personal-data-protection\/#breadcrumb"},"inLanguage":"en-US","potentialAction":[{"@type":"ReadAction","target":["https:\/\/www.2silda.ee\/en\/personal-data-protection\/"]}]},{"@type":"BreadcrumbList","@id":"https:\/\/www.2silda.ee\/en\/personal-data-protection\/#breadcrumb","itemListElement":[{"@type":"ListItem","position":1,"name":"Home","item":"https:\/\/www.2silda.ee\/en\/pealeht-2\/"},{"@type":"ListItem","position":2,"name":"Personal Data Protection"}]},{"@type":"WebSite","@id":"https:\/\/www.2silda.ee\/#website","url":"https:\/\/www.2silda.ee\/","name":"P\u00e4rnu Kahe Silla Klubi","description":"","publisher":{"@id":"https:\/\/www.2silda.ee\/#organization"},"potentialAction":[{"@type":"SearchAction","target":{"@type":"EntryPoint","urlTemplate":"https:\/\/www.2silda.ee\/?s={search_term_string}"},"query-input":{"@type":"PropertyValueSpecification","valueRequired":true,"valueName":"search_term_string"}}],"inLanguage":"en-US"},{"@type":"Organization","@id":"https:\/\/www.2silda.ee\/#organization","name":"P\u00e4rnu Kahe Silla Klubi","url":"https:\/\/www.2silda.ee\/","logo":{"@type":"ImageObject","inLanguage":"en-US","@id":"https:\/\/www.2silda.ee\/#\/schema\/logo\/image\/","url":"https:\/\/www.2silda.ee\/wp-content\/uploads\/2022\/09\/2sillaklubi.png","contentUrl":"https:\/\/www.2silda.ee\/wp-content\/uploads\/2022\/09\/2sillaklubi.png","width":400,"height":132,"caption":"P\u00e4rnu Kahe Silla Klubi"},"image":{"@id":"https:\/\/www.2silda.ee\/#\/schema\/logo\/image\/"},"sameAs":["https:\/\/www.facebook.com\/kahesillaklubi\/","https:\/\/www.youtube.com\/user\/kahesillaklubi"]}]}},"_links":{"self":[{"href":"https:\/\/www.2silda.ee\/en\/wp-json\/wp\/v2\/pages\/23949","targetHints":{"allow":["GET"]}}],"collection":[{"href":"https:\/\/www.2silda.ee\/en\/wp-json\/wp\/v2\/pages"}],"about":[{"href":"https:\/\/www.2silda.ee\/en\/wp-json\/wp\/v2\/types\/page"}],"author":[{"embeddable":true,"href":"https:\/\/www.2silda.ee\/en\/wp-json\/wp\/v2\/users\/1"}],"replies":[{"embeddable":true,"href":"https:\/\/www.2silda.ee\/en\/wp-json\/wp\/v2\/comments?post=23949"}],"version-history":[{"count":4,"href":"https:\/\/www.2silda.ee\/en\/wp-json\/wp\/v2\/pages\/23949\/revisions"}],"predecessor-version":[{"id":23953,"href":"https:\/\/www.2silda.ee\/en\/wp-json\/wp\/v2\/pages\/23949\/revisions\/23953"}],"wp:attachment":[{"href":"https:\/\/www.2silda.ee\/en\/wp-json\/wp\/v2\/media?parent=23949"}],"curies":[{"name":"wp","href":"https:\/\/api.w.org\/{rel}","templated":true}]}}