{"id":18238,"date":"2017-06-19T15:50:41","date_gmt":"2017-06-19T12:50:41","guid":{"rendered":"https:\/\/www.2silda.ee\/?page_id=18238\/"},"modified":"2017-06-21T11:01:11","modified_gmt":"2017-06-21T08:01:11","slug":"marathon-republic-estonia-100","status":"publish","type":"page","link":"https:\/\/www.2silda.ee\/en\/marathon-republic-estonia-100\/","title":{"rendered":"Marathon The Republic of Estonia 100"},"content":{"rendered":"<p><span style=\"font-family: helvetica,arial,sans-serif; font-size: 14px;\">Preparations for Estonia&#8217;s 100th\u00a0anniversary celebration are going at full speed. The Expert Committee of Estonia 100 has called on people to make gifts for Estonia\u2019s centenary. The athletic gift idea of P\u00e4rnu County is Marathon \u201eRepublic of Estonia 100\u201c.<\/span><\/p>\n<p><span style=\"font-family: helvetica,arial,sans-serif; font-size: 14px;\"><img decoding=\"async\" class=\"alignleft size-medium wp-image-18345\" src=\"https:\/\/www.2silda.ee\/wp-content\/uploads\/2017\/06\/EV100_maraton_ENG-3-257x300.jpg\" alt=\"Marathon EV100\" width=\"257\" height=\"300\" srcset=\"https:\/\/www.2silda.ee\/wp-content\/uploads\/2017\/06\/EV100_maraton_ENG-3-51x60.jpg 51w, https:\/\/www.2silda.ee\/wp-content\/uploads\/2017\/06\/EV100_maraton_ENG-3-103x120.jpg 103w, https:\/\/www.2silda.ee\/wp-content\/uploads\/2017\/06\/EV100_maraton_ENG-3-200x234.jpg 200w, https:\/\/www.2silda.ee\/wp-content\/uploads\/2017\/06\/EV100_maraton_ENG-3-257x300.jpg 257w, https:\/\/www.2silda.ee\/wp-content\/uploads\/2017\/06\/EV100_maraton_ENG-3-400x468.jpg 400w, https:\/\/www.2silda.ee\/wp-content\/uploads\/2017\/06\/EV100_maraton_ENG-3-600x702.jpg 600w, https:\/\/www.2silda.ee\/wp-content\/uploads\/2017\/06\/EV100_maraton_ENG-3.jpg 656w\" sizes=\"(max-width: 257px) 100vw, 257px\" \/>Marathon The Republic of Estonia 100 is a special event of P\u00e4rnu County Victory Day Marathon. Taking place on 22nd of June 2018 it marks country&#8217;s birthday in a special sporty way. P\u00e4rnu County Victory Day Marathon embodies a special &#8220;story&#8221; \u2013 P\u00e4rnu County has strong connections with regaining independence of Estonia. As the marathon&#8217;s slogan says &#8220;Fire comes from the roots.&#8221; The oldest remaining settlement found on the marathon route is Pulli village and &#8220;Manifesto to the Peoples of Estonia&#8221; was read out aloud on the balcony of the Endla Theatre in P\u00e4rnu.<\/span><\/p>\n<p><span style=\"font-family: helvetica,arial,sans-serif; font-size: 14px;\">This sport event also has a ritual role as each year the flame lit by the President on Victory Day parade derives its strength from the previous day memorial fire lit in Estonian Soldiers Memorial Church\u00a0in Tori. The flame will be borne by runners along the route to P\u00e4rnu.<\/span><\/p>\n<p><span style=\"font-family: helvetica,arial,sans-serif; font-size: 14px;\">Therefore the Republic of Estonia 100 Marathon is a special event and a treasured gift for sports people and the homeland. For the participants, it is a unique &#8220;one-and-only &#8221; running event, which enables to celebrate an important birthday on the route with friends and acquaintances.<\/span><\/p>\n<p><span style=\"font-family: helvetica,arial,sans-serif; font-size: 14px;\">The \u201cblue-black-white\u201d marathon distance will take participants along the important historical monuments and presents beautiful landscape of P\u00e4rnu County \u2013 Pulli Village, the prehistoric settlement Reiu, Reiu-Raek\u00fcla pine dune, eye-catching Jaanson&#8217;s Track, Tallinn Gates, moat, P\u00e4rnu Beach \u2013 and these are just some of the landmarks that make the marathon one of a kind experience. In addition to the marathon also half marathon, relay race and children&#8217;s race will take place. All participants of the marathon and half-marathon will see a lot of blue-black-white along the track and will get a dignified and thematic medal in the finish \u2013 Monument to the Proclamation of Independence on P\u00e4rnu R\u00fc\u00fctli Square.<\/span><\/p>\n<p><span style=\"font-family: helvetica,arial,sans-serif; font-size: 14px;\">Registration to the marathon distance of \u00a0The Republic of Estonia 100 will be opened on 22nd June, on the same day as P\u00e4rnu County Victory Day Marathon 2017. <a href=\"https:\/\/www.2silda.ee\/reg\/\">Register to Marathon Republic of Estonia 100<\/a><br \/>\n<\/span><\/p>\n<p>&nbsp;<\/p>\n<p>&nbsp;<\/p>\n","protected":false},"excerpt":{"rendered":"<p>Preparations for Estonia&#8217;s 100th\u00a0anniversary celebration are going at full speed. The Expert Committee of Estonia 100 has called on people to make gifts for Estonia\u2019s centenary. The athletic gift idea of P\u00e4rnu County is Marathon \u201eRepublic of Estonia 100\u201c. Marathon The Republic of Estonia 100 is a special event of P\u00e4rnu County Victory Day Marathon.  [&#8230;]<\/p>\n","protected":false},"author":7,"featured_media":0,"parent":0,"menu_order":0,"comment_status":"closed","ping_status":"closed","template":"side-navigation.php","meta":{"_acf_changed":false,"footnotes":""},"class_list":["post-18238","page","type-page","status-publish","hentry"],"acf":[],"yoast_head":"<!-- This site is optimized with the Yoast SEO plugin v27.3 - https:\/\/yoast.com\/product\/yoast-seo-wordpress\/ -->\n<title>Marathon The Republic of Estonia 100 - P\u00e4rnu Kahe Silla Klubi<\/title>\n<meta name=\"robots\" content=\"index, follow, max-snippet:-1, max-image-preview:large, max-video-preview:-1\" \/>\n<link rel=\"canonical\" href=\"https:\/\/www.2silda.ee\/en\/marathon-republic-estonia-100\/\" \/>\n<meta property=\"og:locale\" content=\"en_US\" \/>\n<meta property=\"og:type\" content=\"article\" \/>\n<meta property=\"og:title\" content=\"Marathon The Republic of Estonia 100 - P\u00e4rnu Kahe Silla Klubi\" \/>\n<meta property=\"og:description\" content=\"Preparations for Estonia&#8217;s 100th\u00a0anniversary celebration are going at full speed. The Expert Committee of Estonia 100 has called on people to make gifts for Estonia\u2019s centenary. The athletic gift idea of P\u00e4rnu County is Marathon \u201eRepublic of Estonia 100\u201c. Marathon The Republic of Estonia 100 is a special event of P\u00e4rnu County Victory Day Marathon. [...]\" \/>\n<meta property=\"og:url\" content=\"https:\/\/www.2silda.ee\/en\/marathon-republic-estonia-100\/\" \/>\n<meta property=\"og:site_name\" content=\"P\u00e4rnu Kahe Silla Klubi\" \/>\n<meta property=\"article:publisher\" content=\"https:\/\/www.facebook.com\/kahesillaklubi\/\" \/>\n<meta property=\"article:modified_time\" content=\"2017-06-21T08:01:11+00:00\" \/>\n<meta property=\"og:image\" content=\"https:\/\/www.2silda.ee\/wp-content\/uploads\/2017\/06\/EV100_maraton_ENG-3-257x300.jpg\" \/>\n<meta name=\"twitter:card\" content=\"summary_large_image\" \/>\n<meta name=\"twitter:label1\" content=\"Est. reading time\" \/>\n\t<meta name=\"twitter:data1\" content=\"2 minutes\" \/>\n<script type=\"application\/ld+json\" class=\"yoast-schema-graph\">{\"@context\":\"https:\\\/\\\/schema.org\",\"@graph\":[{\"@type\":\"WebPage\",\"@id\":\"https:\\\/\\\/www.2silda.ee\\\/en\\\/marathon-republic-estonia-100\\\/\",\"url\":\"https:\\\/\\\/www.2silda.ee\\\/en\\\/marathon-republic-estonia-100\\\/\",\"name\":\"Marathon The Republic of Estonia 100 - P\u00e4rnu Kahe Silla Klubi\",\"isPartOf\":{\"@id\":\"https:\\\/\\\/www.2silda.ee\\\/#website\"},\"primaryImageOfPage\":{\"@id\":\"https:\\\/\\\/www.2silda.ee\\\/en\\\/marathon-republic-estonia-100\\\/#primaryimage\"},\"image\":{\"@id\":\"https:\\\/\\\/www.2silda.ee\\\/en\\\/marathon-republic-estonia-100\\\/#primaryimage\"},\"thumbnailUrl\":\"https:\\\/\\\/www.2silda.ee\\\/wp-content\\\/uploads\\\/2017\\\/06\\\/EV100_maraton_ENG-3-257x300.jpg\",\"datePublished\":\"2017-06-19T12:50:41+00:00\",\"dateModified\":\"2017-06-21T08:01:11+00:00\",\"breadcrumb\":{\"@id\":\"https:\\\/\\\/www.2silda.ee\\\/en\\\/marathon-republic-estonia-100\\\/#breadcrumb\"},\"inLanguage\":\"en-US\",\"potentialAction\":[{\"@type\":\"ReadAction\",\"target\":[\"https:\\\/\\\/www.2silda.ee\\\/en\\\/marathon-republic-estonia-100\\\/\"]}]},{\"@type\":\"ImageObject\",\"inLanguage\":\"en-US\",\"@id\":\"https:\\\/\\\/www.2silda.ee\\\/en\\\/marathon-republic-estonia-100\\\/#primaryimage\",\"url\":\"https:\\\/\\\/www.2silda.ee\\\/wp-content\\\/uploads\\\/2017\\\/06\\\/EV100_maraton_ENG-3-257x300.jpg\",\"contentUrl\":\"https:\\\/\\\/www.2silda.ee\\\/wp-content\\\/uploads\\\/2017\\\/06\\\/EV100_maraton_ENG-3-257x300.jpg\"},{\"@type\":\"BreadcrumbList\",\"@id\":\"https:\\\/\\\/www.2silda.ee\\\/en\\\/marathon-republic-estonia-100\\\/#breadcrumb\",\"itemListElement\":[{\"@type\":\"ListItem\",\"position\":1,\"name\":\"Home\",\"item\":\"https:\\\/\\\/www.2silda.ee\\\/en\\\/pealeht-2\\\/\"},{\"@type\":\"ListItem\",\"position\":2,\"name\":\"Marathon The Republic of Estonia 100\"}]},{\"@type\":\"WebSite\",\"@id\":\"https:\\\/\\\/www.2silda.ee\\\/#website\",\"url\":\"https:\\\/\\\/www.2silda.ee\\\/\",\"name\":\"P\u00e4rnu Kahe Silla Klubi\",\"description\":\"\",\"publisher\":{\"@id\":\"https:\\\/\\\/www.2silda.ee\\\/#organization\"},\"potentialAction\":[{\"@type\":\"SearchAction\",\"target\":{\"@type\":\"EntryPoint\",\"urlTemplate\":\"https:\\\/\\\/www.2silda.ee\\\/?s={search_term_string}\"},\"query-input\":{\"@type\":\"PropertyValueSpecification\",\"valueRequired\":true,\"valueName\":\"search_term_string\"}}],\"inLanguage\":\"en-US\"},{\"@type\":\"Organization\",\"@id\":\"https:\\\/\\\/www.2silda.ee\\\/#organization\",\"name\":\"P\u00e4rnu Kahe Silla Klubi\",\"url\":\"https:\\\/\\\/www.2silda.ee\\\/\",\"logo\":{\"@type\":\"ImageObject\",\"inLanguage\":\"en-US\",\"@id\":\"https:\\\/\\\/www.2silda.ee\\\/#\\\/schema\\\/logo\\\/image\\\/\",\"url\":\"https:\\\/\\\/www.2silda.ee\\\/wp-content\\\/uploads\\\/2022\\\/09\\\/2sillaklubi.png\",\"contentUrl\":\"https:\\\/\\\/www.2silda.ee\\\/wp-content\\\/uploads\\\/2022\\\/09\\\/2sillaklubi.png\",\"width\":400,\"height\":132,\"caption\":\"P\u00e4rnu Kahe Silla Klubi\"},\"image\":{\"@id\":\"https:\\\/\\\/www.2silda.ee\\\/#\\\/schema\\\/logo\\\/image\\\/\"},\"sameAs\":[\"https:\\\/\\\/www.facebook.com\\\/kahesillaklubi\\\/\",\"https:\\\/\\\/www.youtube.com\\\/user\\\/kahesillaklubi\"]}]}<\/script>\n<!-- \/ Yoast SEO plugin. -->","yoast_head_json":{"title":"Marathon The Republic of Estonia 100 - P\u00e4rnu Kahe Silla Klubi","robots":{"index":"index","follow":"follow","max-snippet":"max-snippet:-1","max-image-preview":"max-image-preview:large","max-video-preview":"max-video-preview:-1"},"canonical":"https:\/\/www.2silda.ee\/en\/marathon-republic-estonia-100\/","og_locale":"en_US","og_type":"article","og_title":"Marathon The Republic of Estonia 100 - P\u00e4rnu Kahe Silla Klubi","og_description":"Preparations for Estonia&#8217;s 100th\u00a0anniversary celebration are going at full speed. The Expert Committee of Estonia 100 has called on people to make gifts for Estonia\u2019s centenary. The athletic gift idea of P\u00e4rnu County is Marathon \u201eRepublic of Estonia 100\u201c. Marathon The Republic of Estonia 100 is a special event of P\u00e4rnu County Victory Day Marathon. [...]","og_url":"https:\/\/www.2silda.ee\/en\/marathon-republic-estonia-100\/","og_site_name":"P\u00e4rnu Kahe Silla Klubi","article_publisher":"https:\/\/www.facebook.com\/kahesillaklubi\/","article_modified_time":"2017-06-21T08:01:11+00:00","og_image":[{"url":"https:\/\/www.2silda.ee\/wp-content\/uploads\/2017\/06\/EV100_maraton_ENG-3-257x300.jpg","type":"","width":"","height":""}],"twitter_card":"summary_large_image","twitter_misc":{"Est. reading time":"2 minutes"},"schema":{"@context":"https:\/\/schema.org","@graph":[{"@type":"WebPage","@id":"https:\/\/www.2silda.ee\/en\/marathon-republic-estonia-100\/","url":"https:\/\/www.2silda.ee\/en\/marathon-republic-estonia-100\/","name":"Marathon The Republic of Estonia 100 - P\u00e4rnu Kahe Silla Klubi","isPartOf":{"@id":"https:\/\/www.2silda.ee\/#website"},"primaryImageOfPage":{"@id":"https:\/\/www.2silda.ee\/en\/marathon-republic-estonia-100\/#primaryimage"},"image":{"@id":"https:\/\/www.2silda.ee\/en\/marathon-republic-estonia-100\/#primaryimage"},"thumbnailUrl":"https:\/\/www.2silda.ee\/wp-content\/uploads\/2017\/06\/EV100_maraton_ENG-3-257x300.jpg","datePublished":"2017-06-19T12:50:41+00:00","dateModified":"2017-06-21T08:01:11+00:00","breadcrumb":{"@id":"https:\/\/www.2silda.ee\/en\/marathon-republic-estonia-100\/#breadcrumb"},"inLanguage":"en-US","potentialAction":[{"@type":"ReadAction","target":["https:\/\/www.2silda.ee\/en\/marathon-republic-estonia-100\/"]}]},{"@type":"ImageObject","inLanguage":"en-US","@id":"https:\/\/www.2silda.ee\/en\/marathon-republic-estonia-100\/#primaryimage","url":"https:\/\/www.2silda.ee\/wp-content\/uploads\/2017\/06\/EV100_maraton_ENG-3-257x300.jpg","contentUrl":"https:\/\/www.2silda.ee\/wp-content\/uploads\/2017\/06\/EV100_maraton_ENG-3-257x300.jpg"},{"@type":"BreadcrumbList","@id":"https:\/\/www.2silda.ee\/en\/marathon-republic-estonia-100\/#breadcrumb","itemListElement":[{"@type":"ListItem","position":1,"name":"Home","item":"https:\/\/www.2silda.ee\/en\/pealeht-2\/"},{"@type":"ListItem","position":2,"name":"Marathon The Republic of Estonia 100"}]},{"@type":"WebSite","@id":"https:\/\/www.2silda.ee\/#website","url":"https:\/\/www.2silda.ee\/","name":"P\u00e4rnu Kahe Silla Klubi","description":"","publisher":{"@id":"https:\/\/www.2silda.ee\/#organization"},"potentialAction":[{"@type":"SearchAction","target":{"@type":"EntryPoint","urlTemplate":"https:\/\/www.2silda.ee\/?s={search_term_string}"},"query-input":{"@type":"PropertyValueSpecification","valueRequired":true,"valueName":"search_term_string"}}],"inLanguage":"en-US"},{"@type":"Organization","@id":"https:\/\/www.2silda.ee\/#organization","name":"P\u00e4rnu Kahe Silla Klubi","url":"https:\/\/www.2silda.ee\/","logo":{"@type":"ImageObject","inLanguage":"en-US","@id":"https:\/\/www.2silda.ee\/#\/schema\/logo\/image\/","url":"https:\/\/www.2silda.ee\/wp-content\/uploads\/2022\/09\/2sillaklubi.png","contentUrl":"https:\/\/www.2silda.ee\/wp-content\/uploads\/2022\/09\/2sillaklubi.png","width":400,"height":132,"caption":"P\u00e4rnu Kahe Silla Klubi"},"image":{"@id":"https:\/\/www.2silda.ee\/#\/schema\/logo\/image\/"},"sameAs":["https:\/\/www.facebook.com\/kahesillaklubi\/","https:\/\/www.youtube.com\/user\/kahesillaklubi"]}]}},"_links":{"self":[{"href":"https:\/\/www.2silda.ee\/en\/wp-json\/wp\/v2\/pages\/18238","targetHints":{"allow":["GET"]}}],"collection":[{"href":"https:\/\/www.2silda.ee\/en\/wp-json\/wp\/v2\/pages"}],"about":[{"href":"https:\/\/www.2silda.ee\/en\/wp-json\/wp\/v2\/types\/page"}],"author":[{"embeddable":true,"href":"https:\/\/www.2silda.ee\/en\/wp-json\/wp\/v2\/users\/7"}],"replies":[{"embeddable":true,"href":"https:\/\/www.2silda.ee\/en\/wp-json\/wp\/v2\/comments?post=18238"}],"version-history":[{"count":5,"href":"https:\/\/www.2silda.ee\/en\/wp-json\/wp\/v2\/pages\/18238\/revisions"}],"predecessor-version":[{"id":18356,"href":"https:\/\/www.2silda.ee\/en\/wp-json\/wp\/v2\/pages\/18238\/revisions\/18356"}],"wp:attachment":[{"href":"https:\/\/www.2silda.ee\/en\/wp-json\/wp\/v2\/media?parent=18238"}],"curies":[{"name":"wp","href":"https:\/\/api.w.org\/{rel}","templated":true}]}}