{"id":16061,"date":"2017-03-01T15:39:45","date_gmt":"2017-03-01T13:39:45","guid":{"rendered":"https:\/\/www.2silda.ee\/?page_id=16061\/"},"modified":"2018-10-10T22:36:42","modified_gmt":"2018-10-10T19:36:42","slug":"sponsors","status":"publish","type":"page","link":"https:\/\/www.2silda.ee\/en\/parnu-beach-race\/sponsors\/","title":{"rendered":"Sponsors"},"content":{"rendered":"<h2 style=\"text-align: center;\"><strong>MAJOR SPONSORS<br \/>\n<\/strong><\/h2>\n<p style=\"text-align: center;\"><!-- Empty Logos Showcase Container --><\/p>\n<p>&nbsp;<\/p>\n<h2 style=\"text-align: center;\"><strong>SPONSORS<\/strong><\/h2>\n<p style=\"text-align: center;\"><div class=\"lshowcase-clear-both\">&nbsp;<\/div><div class=\"lshowcase-logos \"><div  ><div class='lshowcase-box-7 ls-jaansoni-jooks ls-rannajooks ls-voidupuha-maraton ls-luitejooks '><div class=\"lshowcase-wrap-responsive\"><div class=\"lshowcase-boxInner\"><a href='http:\/\/www.airok.eu\/' target='_blank' ><img src='https:\/\/www.2silda.ee\/wp-content\/uploads\/2017\/02\/Airok-page-001-134x60.jpg' srcset='https:\/\/www.2silda.ee\/wp-content\/uploads\/2017\/02\/Airok-page-001-134x60.jpg 1x, https:\/\/www.2silda.ee\/wp-content\/uploads\/2017\/02\/Airok-page-001-269x120.jpg 2x' width='134'  height = '60'  alt='Airok' title='' class='lshowcase-lower-opacity'  \/><\/a><\/div><\/div><\/div><div class='lshowcase-box-7 ls-jaansoni-jooks ls-rannajooks ls-luitejooks '><div class=\"lshowcase-wrap-responsive\"><div class=\"lshowcase-boxInner\"><a href='https:\/\/okok.ee\/' target='_blank' ><img src='https:\/\/www.2silda.ee\/wp-content\/uploads\/2022\/10\/OKOK_logo-120x60.png'  width='120'  height = '60'  alt='OKOK' title='' class='lshowcase-lower-opacity'  \/><\/a><\/div><\/div><\/div><div class='lshowcase-box-7 ls-jaansoni-jooks ls-rannajooks ls-voidupuha-maraton ls-luitejooks '><div class=\"lshowcase-wrap-responsive\"><div class=\"lshowcase-boxInner\"><a href='https:\/\/lottemaa.ee\/' target='_blank' ><img src='https:\/\/www.2silda.ee\/wp-content\/uploads\/2020\/02\/Lottemaa_LOGO-119x60.png' srcset='https:\/\/www.2silda.ee\/wp-content\/uploads\/2020\/02\/Lottemaa_LOGO-119x60.png 1x, https:\/\/www.2silda.ee\/wp-content\/uploads\/2020\/02\/Lottemaa_LOGO-237x120.png 2x' width='119'  height = '60'  alt='Lottemaa' title='' class='lshowcase-lower-opacity'  \/><\/a><\/div><\/div><\/div><div class='lshowcase-box-7 ls-jaansoni-jooks ls-parnu-aastajooksud ls-rannajooks ls-voidupuha-maraton ls-luitejooks '><div class=\"lshowcase-wrap-responsive\"><div class=\"lshowcase-boxInner\"><a href='https:\/\/www.farmi.ee\/et' target='_blank' ><img src='https:\/\/www.2silda.ee\/wp-content\/uploads\/2022\/01\/Farmi-60x60.png' srcset='https:\/\/www.2silda.ee\/wp-content\/uploads\/2022\/01\/Farmi-60x60.png 1x, https:\/\/www.2silda.ee\/wp-content\/uploads\/2022\/01\/Farmi-120x120.png 2x' width='60'  height = '60'  alt='Farmi' title='' class='lshowcase-lower-opacity'  \/><\/a><\/div><\/div><\/div><div class='lshowcase-box-7 ls-jaansoni-jooks ls-parnu-aastajooksud ls-rannajooks ls-voidupuha-maraton ls-luitejooks '><div class=\"lshowcase-wrap-responsive\"><div class=\"lshowcase-boxInner\"><a href='http:\/\/parnu.postimees.ee\/' target='_blank' ><img src='https:\/\/www.2silda.ee\/wp-content\/uploads\/2017\/01\/p\u00e4rnu-postimehe-logo-2016-420x60.jpg' srcset='https:\/\/www.2silda.ee\/wp-content\/uploads\/2017\/01\/p\u00e4rnu-postimehe-logo-2016-420x60.jpg 1x, https:\/\/www.2silda.ee\/wp-content\/uploads\/2017\/01\/p\u00e4rnu-postimehe-logo-2016-840x120.jpg 2x' width='420'  height = '60'  alt='P\u00e4rnu Postimees' title='' class='lshowcase-lower-opacity'  \/><\/a><\/div><\/div><\/div><div class='lshowcase-box-7 ls-jaansoni-jooks ls-parnu-aastajooksud ls-rannajooks ls-voidupuha-maraton ls-luitejooks '><div class=\"lshowcase-wrap-responsive\"><div class=\"lshowcase-boxInner\"><a href='http:\/\/kulka.ee\/' target='_blank' ><img src='https:\/\/www.2silda.ee\/wp-content\/uploads\/2017\/02\/Kulka_logo_sin_suur-128x60.jpg' srcset='https:\/\/www.2silda.ee\/wp-content\/uploads\/2017\/02\/Kulka_logo_sin_suur-128x60.jpg 1x, https:\/\/www.2silda.ee\/wp-content\/uploads\/2017\/02\/Kulka_logo_sin_suur-256x120.jpg 2x' width='128'  height = '60'  alt='Eesti kultuurkapital' title='' class='lshowcase-lower-opacity'  \/><\/a><\/div><\/div><\/div><div class='lshowcase-box-7 ls-jaansoni-jooks ls-rannajooks ls-voidupuha-maraton '><div class=\"lshowcase-wrap-responsive\"><div class=\"lshowcase-boxInner\"><img src='https:\/\/www.2silda.ee\/wp-content\/uploads\/2022\/06\/Rineli-Grupp-OU-logos_transparent-60x60.png' srcset='https:\/\/www.2silda.ee\/wp-content\/uploads\/2022\/06\/Rineli-Grupp-OU-logos_transparent-60x60.png 1x, https:\/\/www.2silda.ee\/wp-content\/uploads\/2022\/06\/Rineli-Grupp-OU-logos_transparent-120x120.png 2x' width='60'  height = '60'  alt='Rineli Grupp' title='' class='lshowcase-lower-opacity'  \/><\/div><\/div><\/div><div class='lshowcase-box-7 ls-jaansoni-jooks ls-parnu-aastajooksud ls-rannajooks ls-voidupuha-maraton ls-luitejooks '><div class=\"lshowcase-wrap-responsive\"><div class=\"lshowcase-boxInner\"><a href='http:\/\/www.spaestonia.ee\/medical\/' target='_blank' ><img src='https:\/\/www.2silda.ee\/wp-content\/uploads\/2018\/02\/ESTONIA-medicalspa-84x60.png' srcset='https:\/\/www.2silda.ee\/wp-content\/uploads\/2018\/02\/ESTONIA-medicalspa-84x60.png 1x, https:\/\/www.2silda.ee\/wp-content\/uploads\/2018\/02\/ESTONIA-medicalspa-168x120.png 2x' width='84'  height = '60'  alt='Estonia Medical Spa' title='' class='lshowcase-lower-opacity'  \/><\/a><\/div><\/div><\/div><div class='lshowcase-box-7 ls-jaansoni-jooks ls-rannajooks ls-voidupuha-maraton ls-luitejooks '><div class=\"lshowcase-wrap-responsive\"><div class=\"lshowcase-boxInner\"><a href='https:\/\/www.myfitness.ee\/' target='_blank' ><img src='https:\/\/www.2silda.ee\/wp-content\/uploads\/2017\/01\/Myfitness_logo-202x60.jpg' srcset='https:\/\/www.2silda.ee\/wp-content\/uploads\/2017\/01\/Myfitness_logo-202x60.jpg 1x, https:\/\/www.2silda.ee\/wp-content\/uploads\/2017\/01\/Myfitness_logo-405x120.jpg 2x' width='202'  height = '60'  alt='Myfitness' title='' class='lshowcase-lower-opacity'  \/><\/a><\/div><\/div><\/div><div class='lshowcase-box-7 ls-jaansoni-jooks ls-parnu-aastajooksud ls-rannajooks ls-voidupuha-maraton ls-luitejooks '><div class=\"lshowcase-wrap-responsive\"><div class=\"lshowcase-boxInner\"><a href='http:\/\/pol.parnumaa.ee\/' target='_blank' ><img src='https:\/\/www.2silda.ee\/wp-content\/uploads\/2017\/02\/POL-1-243x60.jpg' srcset='https:\/\/www.2silda.ee\/wp-content\/uploads\/2017\/02\/POL-1-243x60.jpg 1x, https:\/\/www.2silda.ee\/wp-content\/uploads\/2017\/02\/POL-1-486x120.jpg 2x' width='243'  height = '60'  alt='POL' title='' class='lshowcase-lower-opacity'  \/><\/a><\/div><\/div><\/div><div class='lshowcase-box-7 ls-jaansoni-jooks ls-rannajooks ls-voidupuha-maraton ls-luitejooks '><div class=\"lshowcase-wrap-responsive\"><div class=\"lshowcase-boxInner\"><a href='https:\/\/www.rowing.ee\/' target='_blank' ><img src='https:\/\/www.2silda.ee\/wp-content\/uploads\/2017\/02\/P\u00e4rnu-S\u00f5udeklubi-page-001-48x60.jpg' srcset='https:\/\/www.2silda.ee\/wp-content\/uploads\/2017\/02\/P\u00e4rnu-S\u00f5udeklubi-page-001-48x60.jpg 1x, https:\/\/www.2silda.ee\/wp-content\/uploads\/2017\/02\/P\u00e4rnu-S\u00f5udeklubi-page-001-95x120.jpg 2x' width='48'  height = '60'  alt='P\u00e4rnu s\u00f5udeklubi' title='' class='lshowcase-lower-opacity'  \/><\/a><\/div><\/div><\/div><div class='lshowcase-box-7 ls-jaansoni-jooks ls-rannajooks ls-luitejooks '><div class=\"lshowcase-wrap-responsive\"><div class=\"lshowcase-boxInner\"><a href='https:\/\/www.gym.ee' target='_blank' ><img src='https:\/\/www.2silda.ee\/wp-content\/uploads\/2026\/04\/Gym_Logo_Negative_Screen-85x60.png' srcset='https:\/\/www.2silda.ee\/wp-content\/uploads\/2026\/04\/Gym_Logo_Negative_Screen-85x60.png 1x, https:\/\/www.2silda.ee\/wp-content\/uploads\/2026\/04\/Gym_Logo_Negative_Screen-170x120.png 2x' width='85'  height = '60'  alt='GYM' title='' class='lshowcase-lower-opacity'  \/><\/a><\/div><\/div><\/div><div class='lshowcase-box-7 ls-jaansoni-jooks ls-rannajooks ls-luitejooks '><div class=\"lshowcase-wrap-responsive\"><div class=\"lshowcase-boxInner\"><a href='https:\/\/www.spl\u00e4sh.ee\/' target='_blank' ><img src='https:\/\/www.2silda.ee\/wp-content\/uploads\/2024\/08\/logo-SPLASH-60x60.png' srcset='https:\/\/www.2silda.ee\/wp-content\/uploads\/2024\/08\/logo-SPLASH-60x60.png 1x, https:\/\/www.2silda.ee\/wp-content\/uploads\/2024\/08\/logo-SPLASH-120x120.png 2x' width='60'  height = '60'  alt='Spl\u00e4sh' title='' class='lshowcase-lower-opacity'  \/><\/a><\/div><\/div><\/div><div class='lshowcase-box-7 ls-jaansoni-jooks ls-rannajooks ls-voidupuha-maraton ls-luitejooks '><div class=\"lshowcase-wrap-responsive\"><div class=\"lshowcase-boxInner\"><a href='https:\/\/www.parnuvesi.ee\/' target='_blank' ><img src='https:\/\/www.2silda.ee\/wp-content\/uploads\/2017\/02\/P\u00e4rnu-Vesi-page-001-2-306x60.jpg' srcset='https:\/\/www.2silda.ee\/wp-content\/uploads\/2017\/02\/P\u00e4rnu-Vesi-page-001-2-306x60.jpg 1x, https:\/\/www.2silda.ee\/wp-content\/uploads\/2017\/02\/P\u00e4rnu-Vesi-page-001-2-612x120.jpg 2x' width='306'  height = '60'  alt='P\u00e4rnu Vesi' title='' class='lshowcase-lower-opacity'  \/><\/a><\/div><\/div><\/div><div class='lshowcase-box-7 ls-rannajooks '><div class=\"lshowcase-wrap-responsive\"><div class=\"lshowcase-boxInner\"><a href='https:\/\/parnuspordikool.ee\/rannastaadion\/' target='_blank' ><img src='https:\/\/www.2silda.ee\/wp-content\/uploads\/2019\/10\/PRS_logo_must-93x60.png' srcset='https:\/\/www.2silda.ee\/wp-content\/uploads\/2019\/10\/PRS_logo_must-93x60.png 1x, https:\/\/www.2silda.ee\/wp-content\/uploads\/2019\/10\/PRS_logo_must-185x120.png 2x' width='93'  height = '60'  alt='Rannastaadion' title='' class='lshowcase-lower-opacity'  \/><\/a><\/div><\/div><\/div><div class='lshowcase-box-7 ls-jaansoni-jooks ls-parnu-aastajooksud ls-rannajooks ls-voidupuha-maraton ls-luitejooks '><div class=\"lshowcase-wrap-responsive\"><div class=\"lshowcase-boxInner\"><a href='http:\/\/www.psl.ee\/' target='_blank' ><img src='https:\/\/www.2silda.ee\/wp-content\/uploads\/2021\/03\/parnumaa_spordiliit_logo.png'  width='180'  height = '50'  alt='P\u00e4rnumaa spordiliit' title='' class='lshowcase-lower-opacity'  \/><\/a><\/div><\/div><\/div><div class='lshowcase-box-7 ls-jaansoni-jooks ls-rannajooks ls-voidupuha-maraton ls-luitejooks '><div class=\"lshowcase-wrap-responsive\"><div class=\"lshowcase-boxInner\"><a href='https:\/\/www.cramo.com\/et-EE\/' target='_blank' ><img src='https:\/\/www.2silda.ee\/wp-content\/uploads\/2017\/03\/CRAMO-348x60.jpg' srcset='https:\/\/www.2silda.ee\/wp-content\/uploads\/2017\/03\/CRAMO-348x60.jpg 1x, https:\/\/www.2silda.ee\/wp-content\/uploads\/2017\/03\/CRAMO-695x120.jpg 2x' width='348'  height = '60'  alt='Cramo' title='' class='lshowcase-lower-opacity'  \/><\/a><\/div><\/div><\/div><div class='lshowcase-box-7 ls-jaansoni-jooks ls-rannajooks ls-luitejooks '><div class=\"lshowcase-wrap-responsive\"><div class=\"lshowcase-boxInner\"><a href='https:\/\/www.proevent.ee\/' target='_blank' ><img src='https:\/\/www.2silda.ee\/wp-content\/uploads\/2026\/03\/ProEvent_neg_2000-x-486pix-247x60.png' srcset='https:\/\/www.2silda.ee\/wp-content\/uploads\/2026\/03\/ProEvent_neg_2000-x-486pix-247x60.png 1x, https:\/\/www.2silda.ee\/wp-content\/uploads\/2026\/03\/ProEvent_neg_2000-x-486pix-494x120.png 2x' width='247'  height = '60'  alt='Proevent' title='' class='lshowcase-lower-opacity'  \/><\/a><\/div><\/div><\/div><div class='lshowcase-box-7 ls-jaansoni-jooks ls-rannajooks '><div class=\"lshowcase-wrap-responsive\"><div class=\"lshowcase-boxInner\"><a href='https:\/\/gkrbrands.ee\/brand\/vitamin-well' target='_blank' ><img src='https:\/\/www.2silda.ee\/wp-content\/uploads\/2026\/04\/VW_logo_2rad_CMYK_blue-3-150x60.png' srcset='https:\/\/www.2silda.ee\/wp-content\/uploads\/2026\/04\/VW_logo_2rad_CMYK_blue-3-150x60.png 1x, https:\/\/www.2silda.ee\/wp-content\/uploads\/2026\/04\/VW_logo_2rad_CMYK_blue-3-300x120.png 2x' width='150'  height = '60'  alt='Vitamin Well' title='' class='lshowcase-lower-opacity'  \/><\/a><\/div><\/div><\/div><div class='lshowcase-box-7 ls-jaansoni-jooks ls-rannajooks '><div class=\"lshowcase-wrap-responsive\"><div class=\"lshowcase-boxInner\"><a href='http:\/\/ringajas.ee\/' target='_blank' ><img src='https:\/\/www.2silda.ee\/wp-content\/uploads\/2018\/03\/RingAjas-66x60.png' srcset='https:\/\/www.2silda.ee\/wp-content\/uploads\/2018\/03\/RingAjas-66x60.png 1x, https:\/\/www.2silda.ee\/wp-content\/uploads\/2018\/03\/RingAjas-132x120.png 2x' width='66'  height = '60'  alt='Ring Ajas' title='' class='lshowcase-lower-opacity'  \/><\/a><\/div><\/div><\/div><div class='lshowcase-box-7 ls-jaansoni-jooks ls-rannajooks ls-voidupuha-maraton ls-luitejooks '><div class=\"lshowcase-wrap-responsive\"><div class=\"lshowcase-boxInner\"><a href='http:\/\/www.roadwolf.ee\/tutvustus\/' target='_blank' ><img src='https:\/\/www.2silda.ee\/wp-content\/uploads\/2017\/02\/Roadwolf-logo.jpg'  width='314'  height = '46'  alt='Roadwolf' title='' class='lshowcase-lower-opacity'  \/><\/a><\/div><\/div><\/div><div class='lshowcase-box-7 ls-jaansoni-jooks ls-parnu-aastajooksud ls-rannajooks ls-luitejooks '><div class=\"lshowcase-wrap-responsive\"><div class=\"lshowcase-boxInner\"><a href='http:\/\/www.wendre.ee\/' target='_blank' ><img src='https:\/\/www.2silda.ee\/wp-content\/uploads\/2017\/02\/Wendre-logo-green-01-360x60.png' srcset='https:\/\/www.2silda.ee\/wp-content\/uploads\/2017\/02\/Wendre-logo-green-01-360x60.png 1x, https:\/\/www.2silda.ee\/wp-content\/uploads\/2017\/02\/Wendre-logo-green-01-721x120.png 2x' width='360'  height = '60'  alt='Wendre' title='' class='lshowcase-lower-opacity'  \/><\/a><\/div><\/div><\/div><div class='lshowcase-box-7 ls-jaansoni-jooks ls-rannajooks ls-voidupuha-maraton ls-luitejooks '><div class=\"lshowcase-wrap-responsive\"><div class=\"lshowcase-boxInner\"><a href='http:\/\/www.maiapteek.ee\/' target='_blank' ><img src='https:\/\/www.2silda.ee\/wp-content\/uploads\/2017\/01\/Mai_apteek-60x60.png' srcset='https:\/\/www.2silda.ee\/wp-content\/uploads\/2017\/01\/Mai_apteek-60x60.png 1x, https:\/\/www.2silda.ee\/wp-content\/uploads\/2017\/01\/Mai_apteek-120x120.png 2x' width='60'  height = '60'  alt='Mai apteek' title='' class='lshowcase-lower-opacity'  \/><\/a><\/div><\/div><\/div><div class='lshowcase-box-7 ls-jaansoni-jooks ls-rannajooks ls-luitejooks '><div class=\"lshowcase-wrap-responsive\"><div class=\"lshowcase-boxInner\"><a href='https:\/\/peremoto.ee' target='_blank' ><img src='https:\/\/www.2silda.ee\/wp-content\/uploads\/2017\/01\/Peremoto-2025-logo-28_03_25-muudatustega-257x60.png' srcset='https:\/\/www.2silda.ee\/wp-content\/uploads\/2017\/01\/Peremoto-2025-logo-28_03_25-muudatustega-257x60.png 1x, https:\/\/www.2silda.ee\/wp-content\/uploads\/2017\/01\/Peremoto-2025-logo-28_03_25-muudatustega-514x120.png 2x' width='257'  height = '60'  alt='Peremoto' title='' class='lshowcase-lower-opacity'  \/><\/a><\/div><\/div><\/div><div class='lshowcase-box-7 ls-jaansoni-jooks ls-parnu-aastajooksud ls-rannajooks ls-voidupuha-maraton ls-luitejooks '><div class=\"lshowcase-wrap-responsive\"><div class=\"lshowcase-boxInner\"><a href='http:\/\/www.spaestonia.ee\/resort\/' target='_blank' ><img src='https:\/\/www.2silda.ee\/wp-content\/uploads\/2018\/02\/ESTONIA-resorthotel-cmyk-108x60.png' srcset='https:\/\/www.2silda.ee\/wp-content\/uploads\/2018\/02\/ESTONIA-resorthotel-cmyk-108x60.png 1x, https:\/\/www.2silda.ee\/wp-content\/uploads\/2018\/02\/ESTONIA-resorthotel-cmyk-215x120.png 2x' width='108'  height = '60'  alt='Spa Estonia' title='' class='lshowcase-lower-opacity'  \/><\/a><\/div><\/div><\/div><div class='lshowcase-box-7 ls-jaansoni-jooks ls-rannajooks ls-voidupuha-maraton ls-luitejooks '><div class=\"lshowcase-wrap-responsive\"><div class=\"lshowcase-boxInner\"><a href='http:\/\/www.hansaprint.ee\/' target='_blank' ><img src='https:\/\/www.2silda.ee\/wp-content\/uploads\/2017\/02\/hansaprint1-333x60.jpg' srcset='https:\/\/www.2silda.ee\/wp-content\/uploads\/2017\/02\/hansaprint1-333x60.jpg 1x, https:\/\/www.2silda.ee\/wp-content\/uploads\/2017\/02\/hansaprint1-665x120.jpg 2x' width='333'  height = '60'  alt='Hansprint' title='' class='lshowcase-lower-opacity'  \/><\/a><\/div><\/div><\/div><div class='lshowcase-box-7 ls-jaansoni-jooks ls-rannajooks ls-voidupuha-maraton ls-luitejooks '><div class=\"lshowcase-wrap-responsive\"><div class=\"lshowcase-boxInner\"><a href='http:\/\/www.paikre.ee\/' target='_blank' ><img src='https:\/\/www.2silda.ee\/wp-content\/uploads\/2017\/02\/Paikre-43x60.png' srcset='https:\/\/www.2silda.ee\/wp-content\/uploads\/2017\/02\/Paikre-43x60.png 1x, https:\/\/www.2silda.ee\/wp-content\/uploads\/2017\/02\/Paikre-86x120.png 2x' width='43'  height = '60'  alt='Paikre' title='' class='lshowcase-lower-opacity'  \/><\/a><\/div><\/div><\/div><div class='lshowcase-box-7 ls-jaansoni-jooks ls-rannajooks ls-voidupuha-maraton ls-luitejooks '><div class=\"lshowcase-wrap-responsive\"><div class=\"lshowcase-boxInner\"><a href='https:\/\/www.stuudio.eu\/' target='_blank' ><img src='https:\/\/www.2silda.ee\/wp-content\/uploads\/2017\/02\/Stuudiopunkt-page-001-103x60.jpg' srcset='https:\/\/www.2silda.ee\/wp-content\/uploads\/2017\/02\/Stuudiopunkt-page-001-103x60.jpg 1x, https:\/\/www.2silda.ee\/wp-content\/uploads\/2017\/02\/Stuudiopunkt-page-001-206x120.jpg 2x' width='103'  height = '60'  alt='Stuudiopunkt' title='' class='lshowcase-lower-opacity'  \/><\/a><\/div><\/div><\/div><div class='lshowcase-box-7 ls-jaansoni-jooks ls-parnu-aastajooksud ls-rannajooks ls-voidupuha-maraton ls-luitejooks '><div class=\"lshowcase-wrap-responsive\"><div class=\"lshowcase-boxInner\"><a href='http:\/\/www.pereauto.ee\/' target='_blank' ><img src='https:\/\/www.2silda.ee\/wp-content\/uploads\/2017\/01\/pereauto-logo-muudatusega-paksem-243x60.png' srcset='https:\/\/www.2silda.ee\/wp-content\/uploads\/2017\/01\/pereauto-logo-muudatusega-paksem-243x60.png 1x, https:\/\/www.2silda.ee\/wp-content\/uploads\/2017\/01\/pereauto-logo-muudatusega-paksem-487x120.png 2x' width='243'  height = '60'  alt='Pereauto' title='' class='lshowcase-lower-opacity'  \/><\/a><\/div><\/div><\/div><div class='lshowcase-box-7 ls-jaansoni-jooks ls-rannajooks ls-voidupuha-maraton ls-luitejooks '><div class=\"lshowcase-wrap-responsive\"><div class=\"lshowcase-boxInner\"><a href='http:\/\/www.spaestonia.ee\/resort\/restoran\/' target='_blank' ><img src='https:\/\/www.2silda.ee\/wp-content\/uploads\/2018\/02\/logo-noot-181x60.jpg' srcset='https:\/\/www.2silda.ee\/wp-content\/uploads\/2018\/02\/logo-noot-181x60.jpg 1x, https:\/\/www.2silda.ee\/wp-content\/uploads\/2018\/02\/logo-noot-363x120.jpg 2x' width='181'  height = '60'  alt='Noot' title='' class='lshowcase-lower-opacity'  \/><\/a><\/div><\/div><\/div><\/div><\/div><div class=\"lshowcase-clear-both\">&nbsp;<\/div><\/p>\n","protected":false},"excerpt":{"rendered":"<p>MAJOR SPONSORS &nbsp; SPONSORS<\/p>\n","protected":false},"author":7,"featured_media":0,"parent":16042,"menu_order":10,"comment_status":"closed","ping_status":"closed","template":"side-navigation.php","meta":{"_acf_changed":false,"footnotes":""},"class_list":["post-16061","page","type-page","status-publish","hentry"],"acf":[],"yoast_head":"<!-- This site is optimized with the Yoast SEO plugin v27.3 - https:\/\/yoast.com\/product\/yoast-seo-wordpress\/ -->\n<title>Sponsors - P\u00e4rnu Kahe Silla Klubi<\/title>\n<meta name=\"robots\" content=\"index, follow, max-snippet:-1, max-image-preview:large, max-video-preview:-1\" \/>\n<link rel=\"canonical\" href=\"https:\/\/www.2silda.ee\/en\/parnu-beach-race\/sponsors\/\" \/>\n<meta property=\"og:locale\" content=\"en_US\" \/>\n<meta property=\"og:type\" content=\"article\" \/>\n<meta property=\"og:title\" content=\"Sponsors - P\u00e4rnu Kahe Silla Klubi\" \/>\n<meta property=\"og:description\" content=\"MAJOR SPONSORS &nbsp; SPONSORS\" \/>\n<meta property=\"og:url\" content=\"https:\/\/www.2silda.ee\/en\/parnu-beach-race\/sponsors\/\" \/>\n<meta property=\"og:site_name\" content=\"P\u00e4rnu Kahe Silla Klubi\" \/>\n<meta property=\"article:publisher\" content=\"https:\/\/www.facebook.com\/kahesillaklubi\/\" \/>\n<meta property=\"article:modified_time\" content=\"2018-10-10T19:36:42+00:00\" \/>\n<meta name=\"twitter:card\" content=\"summary_large_image\" \/>\n<script type=\"application\/ld+json\" class=\"yoast-schema-graph\">{\"@context\":\"https:\\\/\\\/schema.org\",\"@graph\":[{\"@type\":\"WebPage\",\"@id\":\"https:\\\/\\\/www.2silda.ee\\\/en\\\/parnu-beach-race\\\/sponsors\\\/\",\"url\":\"https:\\\/\\\/www.2silda.ee\\\/en\\\/parnu-beach-race\\\/sponsors\\\/\",\"name\":\"Sponsors - P\u00e4rnu Kahe Silla Klubi\",\"isPartOf\":{\"@id\":\"https:\\\/\\\/www.2silda.ee\\\/#website\"},\"datePublished\":\"2017-03-01T13:39:45+00:00\",\"dateModified\":\"2018-10-10T19:36:42+00:00\",\"breadcrumb\":{\"@id\":\"https:\\\/\\\/www.2silda.ee\\\/en\\\/parnu-beach-race\\\/sponsors\\\/#breadcrumb\"},\"inLanguage\":\"en-US\",\"potentialAction\":[{\"@type\":\"ReadAction\",\"target\":[\"https:\\\/\\\/www.2silda.ee\\\/en\\\/parnu-beach-race\\\/sponsors\\\/\"]}]},{\"@type\":\"BreadcrumbList\",\"@id\":\"https:\\\/\\\/www.2silda.ee\\\/en\\\/parnu-beach-race\\\/sponsors\\\/#breadcrumb\",\"itemListElement\":[{\"@type\":\"ListItem\",\"position\":1,\"name\":\"Home\",\"item\":\"https:\\\/\\\/www.2silda.ee\\\/en\\\/pealeht-2\\\/\"},{\"@type\":\"ListItem\",\"position\":2,\"name\":\"P\u00e4rnu Beach Race\",\"item\":\"https:\\\/\\\/www.2silda.ee\\\/en\\\/parnu-beach-race\\\/\"},{\"@type\":\"ListItem\",\"position\":3,\"name\":\"Sponsors\"}]},{\"@type\":\"WebSite\",\"@id\":\"https:\\\/\\\/www.2silda.ee\\\/#website\",\"url\":\"https:\\\/\\\/www.2silda.ee\\\/\",\"name\":\"P\u00e4rnu Kahe Silla Klubi\",\"description\":\"\",\"publisher\":{\"@id\":\"https:\\\/\\\/www.2silda.ee\\\/#organization\"},\"potentialAction\":[{\"@type\":\"SearchAction\",\"target\":{\"@type\":\"EntryPoint\",\"urlTemplate\":\"https:\\\/\\\/www.2silda.ee\\\/?s={search_term_string}\"},\"query-input\":{\"@type\":\"PropertyValueSpecification\",\"valueRequired\":true,\"valueName\":\"search_term_string\"}}],\"inLanguage\":\"en-US\"},{\"@type\":\"Organization\",\"@id\":\"https:\\\/\\\/www.2silda.ee\\\/#organization\",\"name\":\"P\u00e4rnu Kahe Silla Klubi\",\"url\":\"https:\\\/\\\/www.2silda.ee\\\/\",\"logo\":{\"@type\":\"ImageObject\",\"inLanguage\":\"en-US\",\"@id\":\"https:\\\/\\\/www.2silda.ee\\\/#\\\/schema\\\/logo\\\/image\\\/\",\"url\":\"https:\\\/\\\/www.2silda.ee\\\/wp-content\\\/uploads\\\/2022\\\/09\\\/2sillaklubi.png\",\"contentUrl\":\"https:\\\/\\\/www.2silda.ee\\\/wp-content\\\/uploads\\\/2022\\\/09\\\/2sillaklubi.png\",\"width\":400,\"height\":132,\"caption\":\"P\u00e4rnu Kahe Silla Klubi\"},\"image\":{\"@id\":\"https:\\\/\\\/www.2silda.ee\\\/#\\\/schema\\\/logo\\\/image\\\/\"},\"sameAs\":[\"https:\\\/\\\/www.facebook.com\\\/kahesillaklubi\\\/\",\"https:\\\/\\\/www.youtube.com\\\/user\\\/kahesillaklubi\"]}]}<\/script>\n<!-- \/ Yoast SEO plugin. -->","yoast_head_json":{"title":"Sponsors - P\u00e4rnu Kahe Silla Klubi","robots":{"index":"index","follow":"follow","max-snippet":"max-snippet:-1","max-image-preview":"max-image-preview:large","max-video-preview":"max-video-preview:-1"},"canonical":"https:\/\/www.2silda.ee\/en\/parnu-beach-race\/sponsors\/","og_locale":"en_US","og_type":"article","og_title":"Sponsors - P\u00e4rnu Kahe Silla Klubi","og_description":"MAJOR SPONSORS &nbsp; SPONSORS","og_url":"https:\/\/www.2silda.ee\/en\/parnu-beach-race\/sponsors\/","og_site_name":"P\u00e4rnu Kahe Silla Klubi","article_publisher":"https:\/\/www.facebook.com\/kahesillaklubi\/","article_modified_time":"2018-10-10T19:36:42+00:00","twitter_card":"summary_large_image","schema":{"@context":"https:\/\/schema.org","@graph":[{"@type":"WebPage","@id":"https:\/\/www.2silda.ee\/en\/parnu-beach-race\/sponsors\/","url":"https:\/\/www.2silda.ee\/en\/parnu-beach-race\/sponsors\/","name":"Sponsors - P\u00e4rnu Kahe Silla Klubi","isPartOf":{"@id":"https:\/\/www.2silda.ee\/#website"},"datePublished":"2017-03-01T13:39:45+00:00","dateModified":"2018-10-10T19:36:42+00:00","breadcrumb":{"@id":"https:\/\/www.2silda.ee\/en\/parnu-beach-race\/sponsors\/#breadcrumb"},"inLanguage":"en-US","potentialAction":[{"@type":"ReadAction","target":["https:\/\/www.2silda.ee\/en\/parnu-beach-race\/sponsors\/"]}]},{"@type":"BreadcrumbList","@id":"https:\/\/www.2silda.ee\/en\/parnu-beach-race\/sponsors\/#breadcrumb","itemListElement":[{"@type":"ListItem","position":1,"name":"Home","item":"https:\/\/www.2silda.ee\/en\/pealeht-2\/"},{"@type":"ListItem","position":2,"name":"P\u00e4rnu Beach Race","item":"https:\/\/www.2silda.ee\/en\/parnu-beach-race\/"},{"@type":"ListItem","position":3,"name":"Sponsors"}]},{"@type":"WebSite","@id":"https:\/\/www.2silda.ee\/#website","url":"https:\/\/www.2silda.ee\/","name":"P\u00e4rnu Kahe Silla Klubi","description":"","publisher":{"@id":"https:\/\/www.2silda.ee\/#organization"},"potentialAction":[{"@type":"SearchAction","target":{"@type":"EntryPoint","urlTemplate":"https:\/\/www.2silda.ee\/?s={search_term_string}"},"query-input":{"@type":"PropertyValueSpecification","valueRequired":true,"valueName":"search_term_string"}}],"inLanguage":"en-US"},{"@type":"Organization","@id":"https:\/\/www.2silda.ee\/#organization","name":"P\u00e4rnu Kahe Silla Klubi","url":"https:\/\/www.2silda.ee\/","logo":{"@type":"ImageObject","inLanguage":"en-US","@id":"https:\/\/www.2silda.ee\/#\/schema\/logo\/image\/","url":"https:\/\/www.2silda.ee\/wp-content\/uploads\/2022\/09\/2sillaklubi.png","contentUrl":"https:\/\/www.2silda.ee\/wp-content\/uploads\/2022\/09\/2sillaklubi.png","width":400,"height":132,"caption":"P\u00e4rnu Kahe Silla Klubi"},"image":{"@id":"https:\/\/www.2silda.ee\/#\/schema\/logo\/image\/"},"sameAs":["https:\/\/www.facebook.com\/kahesillaklubi\/","https:\/\/www.youtube.com\/user\/kahesillaklubi"]}]}},"_links":{"self":[{"href":"https:\/\/www.2silda.ee\/en\/wp-json\/wp\/v2\/pages\/16061","targetHints":{"allow":["GET"]}}],"collection":[{"href":"https:\/\/www.2silda.ee\/en\/wp-json\/wp\/v2\/pages"}],"about":[{"href":"https:\/\/www.2silda.ee\/en\/wp-json\/wp\/v2\/types\/page"}],"author":[{"embeddable":true,"href":"https:\/\/www.2silda.ee\/en\/wp-json\/wp\/v2\/users\/7"}],"replies":[{"embeddable":true,"href":"https:\/\/www.2silda.ee\/en\/wp-json\/wp\/v2\/comments?post=16061"}],"version-history":[{"count":1,"href":"https:\/\/www.2silda.ee\/en\/wp-json\/wp\/v2\/pages\/16061\/revisions"}],"predecessor-version":[{"id":16062,"href":"https:\/\/www.2silda.ee\/en\/wp-json\/wp\/v2\/pages\/16061\/revisions\/16062"}],"up":[{"embeddable":true,"href":"https:\/\/www.2silda.ee\/en\/wp-json\/wp\/v2\/pages\/16042"}],"wp:attachment":[{"href":"https:\/\/www.2silda.ee\/en\/wp-json\/wp\/v2\/media?parent=16061"}],"curies":[{"name":"wp","href":"https:\/\/api.w.org\/{rel}","templated":true}]}}