{"id":16050,"date":"2017-03-01T15:25:36","date_gmt":"2017-03-01T13:25:36","guid":{"rendered":"https:\/\/www.2silda.ee\/?page_id=16050\/"},"modified":"2025-12-21T18:13:45","modified_gmt":"2025-12-21T16:13:45","slug":"program","status":"publish","type":"page","link":"https:\/\/www.2silda.ee\/en\/two-bridges-race\/program\/","title":{"rendered":"Program"},"content":{"rendered":"<p><span style=\"font-size: 14px; font-family: georgia, palatino, serif;\"><strong>Handing out race materials and pre-registration in competition centers<br \/>\n<\/strong><\/span><span style=\"font-family: georgia, palatino, serif; font-size: 14px;\"><strong><a href=\"https:\/\/en.astri.ee\/parnu-keskus\/\" target=\"_blank\" rel=\"noopener noreferrer\">P\u00e4rnu Keskus<\/a> race center (Aida tn 7, P\u00e4rnu)\u00a0<\/strong><\/span><br \/>\n<span style=\"font-family: georgia, palatino, serif; font-size: 14px;\">4.09.2026\u00a0 at 12.00-18.00<\/span><span style=\"font-family: georgia, palatino, serif; font-size: 14px;\"><br \/>\n<\/span><span style=\"font-family: georgia, palatino, serif; font-size: 14px;\"><strong>Endla Theatre race center \u00a0(Keskv\u00e4ljak 1, P\u00e4rnu)<\/strong><\/span><br \/>\n<span style=\"font-family: georgia, palatino, serif; font-size: 14px;\">5.09.2026 at 16.00-21.00<br \/>\n6.09.2026 at 10.00-11.45<\/span><\/p>\n<p><span style=\"font-size: 14px; font-family: georgia, palatino, serif;\"><strong>September 5, 2026 (Vaasa park, P\u00e4rnu)<br \/>\n<\/strong><\/span><span style=\"font-size: 14px; font-family: georgia, palatino, serif;\"><strong>16.00-21.30<\/strong> Family day<\/span><span style=\"font-size: 14px; font-family: georgia, palatino, serif;\"><br \/>\n<\/span><span style=\"font-size: 14px; font-family: georgia, palatino, serif;\"><strong>16.00-16.20<\/strong> Registration to the wheelchair race and handing out race materials<br \/>\n<\/span><span style=\"font-size: 14px; font-family: georgia, palatino, serif;\"><strong>16.00-18.35<\/strong> Registration to the children&#8217;s races and handing out race materials<br \/>\n<\/span><span style=\"font-size: 14px; font-family: georgia, palatino, serif;\"><strong>16.00- 20.45<\/strong> Registration to the P\u00e4rnu Evening Race (3 km) and handing out race materials<br \/>\n<\/span><span style=\"font-size: 14px; font-family: georgia, palatino, serif;\"><strong>16.30 Start of wheelchair race<br \/>\n<\/strong><\/span><span style=\"font-size: 14px; font-family: georgia, palatino, serif;\"><strong>17.10<\/strong> Getting acquainted with the children&#8217;s running track<br \/>\n<\/span><span style=\"font-size: 14px; font-family: georgia, palatino, serif;\"><strong>17.30-18.55<\/strong> <strong>Start of children&#8217;s races<\/strong><br \/>\n<\/span><span style=\"font-size: 14px; font-family: georgia, palatino, serif;\"><strong>19.05<\/strong> Award ceremony the children&#8217;s races<br \/>\n<\/span><span style=\"font-size: 14px; font-family: georgia, palatino, serif;\"><strong>20.45<\/strong> Pre-race workout of P\u00e4rnu Evening Race<br \/>\n<\/span><span style=\"font-size: 14px; font-family: georgia, palatino, serif;\"><strong>21.00 Start of P\u00e4rnu Evening Race<br \/>\n<\/strong><\/span><span style=\"font-size: 14px; font-family: georgia, palatino, serif;\"><strong>21.30<\/strong> Award ceremony of P\u00e4rnu Evening Race<\/span><\/p>\n<p><span style=\"font-size: 14px; font-family: georgia, palatino, serif;\"><strong>September 6, 2026\u00a0 (Vaasa park, P\u00e4rnu)<br \/>\n<\/strong><\/span><span style=\"font-size: 14px; font-family: georgia, palatino, serif;\"><strong>10.00<\/strong> Opening of the competition center<br \/>\n<\/span><span style=\"font-size: 14px; font-family: georgia, palatino, serif;\"><strong>10.00-11.45<\/strong> Registration, handing out race materials<br \/>\n<\/span><span style=\"font-size: 14px; font-family: georgia, palatino, serif;\"><strong>11.30<\/strong> MyFitness warm-up<br \/>\n<\/span><span style=\"font-size: 14px; font-family: georgia, palatino, serif;\"><strong>11.30<\/strong> Opening of the start corridor<br \/>\n<\/span><span style=\"font-size: 14px; font-family: georgia, palatino, serif;\"><strong>12.00 Start<br \/>\n<\/strong><\/span><span style=\"font-size: 14px; font-family: georgia, palatino, serif;\"><strong>12.30<\/strong> Arrival of the first contestants<br \/>\n<\/span><span style=\"font-size: 14px; font-family: georgia, palatino, serif;\"><strong>13.00<\/strong> MyFitness streching<br \/>\n<\/span><span style=\"font-size: 14px; font-family: georgia, palatino, serif;\"><strong>13.15<\/strong> Award ceremony<br \/>\n<\/span><span style=\"font-size: 14px; font-family: georgia, palatino, serif;\"><strong>14.00<\/strong> Closing of the finish<\/span><\/p>\n<p>&nbsp;<\/p>\n","protected":false},"excerpt":{"rendered":"<p>Handing out race materials and pre-registration in competition centers P\u00e4rnu Keskus race center (Aida tn 7, P\u00e4rnu)\u00a0 4.09.2026\u00a0 at 12.00-18.00 Endla Theatre race center \u00a0(Keskv\u00e4ljak 1, P\u00e4rnu) 5.09.2026 at 16.00-21.00 6.09.2026 at 10.00-11.45 September 5, 2026 (Vaasa park, P\u00e4rnu) 16.00-21.30 Family day 16.00-16.20 Registration to the wheelchair race and handing out race materials 16.00-18.35 Registration  [&#8230;]<\/p>\n","protected":false},"author":7,"featured_media":0,"parent":16044,"menu_order":5,"comment_status":"closed","ping_status":"closed","template":"side-navigation.php","meta":{"_acf_changed":false,"footnotes":""},"class_list":["post-16050","page","type-page","status-publish","hentry"],"acf":[],"yoast_head":"<!-- This site is optimized with the Yoast SEO plugin v27.3 - https:\/\/yoast.com\/product\/yoast-seo-wordpress\/ -->\n<title>Program - P\u00e4rnu Kahe Silla Klubi<\/title>\n<meta name=\"robots\" content=\"index, follow, max-snippet:-1, max-image-preview:large, max-video-preview:-1\" \/>\n<link rel=\"canonical\" href=\"https:\/\/www.2silda.ee\/en\/two-bridges-race\/program\/\" \/>\n<meta property=\"og:locale\" content=\"en_US\" \/>\n<meta property=\"og:type\" content=\"article\" \/>\n<meta property=\"og:title\" content=\"Program - P\u00e4rnu Kahe Silla Klubi\" \/>\n<meta property=\"og:description\" content=\"Handing out race materials and pre-registration in competition centers P\u00e4rnu Keskus race center (Aida tn 7, P\u00e4rnu)\u00a0 4.09.2026\u00a0 at 12.00-18.00 Endla Theatre race center \u00a0(Keskv\u00e4ljak 1, P\u00e4rnu) 5.09.2026 at 16.00-21.00 6.09.2026 at 10.00-11.45 September 5, 2026 (Vaasa park, P\u00e4rnu) 16.00-21.30 Family day 16.00-16.20 Registration to the wheelchair race and handing out race materials 16.00-18.35 Registration [...]\" \/>\n<meta property=\"og:url\" content=\"https:\/\/www.2silda.ee\/en\/two-bridges-race\/program\/\" \/>\n<meta property=\"og:site_name\" content=\"P\u00e4rnu Kahe Silla Klubi\" \/>\n<meta property=\"article:publisher\" content=\"https:\/\/www.facebook.com\/kahesillaklubi\/\" \/>\n<meta property=\"article:modified_time\" content=\"2025-12-21T16:13:45+00:00\" \/>\n<meta name=\"twitter:card\" content=\"summary_large_image\" \/>\n<meta name=\"twitter:label1\" content=\"Est. reading time\" \/>\n\t<meta name=\"twitter:data1\" content=\"2 minutes\" \/>\n<script type=\"application\/ld+json\" class=\"yoast-schema-graph\">{\"@context\":\"https:\\\/\\\/schema.org\",\"@graph\":[{\"@type\":\"WebPage\",\"@id\":\"https:\\\/\\\/www.2silda.ee\\\/en\\\/two-bridges-race\\\/program\\\/\",\"url\":\"https:\\\/\\\/www.2silda.ee\\\/en\\\/two-bridges-race\\\/program\\\/\",\"name\":\"Program - P\u00e4rnu Kahe Silla Klubi\",\"isPartOf\":{\"@id\":\"https:\\\/\\\/www.2silda.ee\\\/#website\"},\"datePublished\":\"2017-03-01T13:25:36+00:00\",\"dateModified\":\"2025-12-21T16:13:45+00:00\",\"breadcrumb\":{\"@id\":\"https:\\\/\\\/www.2silda.ee\\\/en\\\/two-bridges-race\\\/program\\\/#breadcrumb\"},\"inLanguage\":\"en-US\",\"potentialAction\":[{\"@type\":\"ReadAction\",\"target\":[\"https:\\\/\\\/www.2silda.ee\\\/en\\\/two-bridges-race\\\/program\\\/\"]}]},{\"@type\":\"BreadcrumbList\",\"@id\":\"https:\\\/\\\/www.2silda.ee\\\/en\\\/two-bridges-race\\\/program\\\/#breadcrumb\",\"itemListElement\":[{\"@type\":\"ListItem\",\"position\":1,\"name\":\"Home\",\"item\":\"https:\\\/\\\/www.2silda.ee\\\/en\\\/pealeht-2\\\/\"},{\"@type\":\"ListItem\",\"position\":2,\"name\":\"Two Bridges Race\",\"item\":\"https:\\\/\\\/www.2silda.ee\\\/en\\\/two-bridges-race\\\/\"},{\"@type\":\"ListItem\",\"position\":3,\"name\":\"Program\"}]},{\"@type\":\"WebSite\",\"@id\":\"https:\\\/\\\/www.2silda.ee\\\/#website\",\"url\":\"https:\\\/\\\/www.2silda.ee\\\/\",\"name\":\"P\u00e4rnu Kahe Silla Klubi\",\"description\":\"\",\"publisher\":{\"@id\":\"https:\\\/\\\/www.2silda.ee\\\/#organization\"},\"potentialAction\":[{\"@type\":\"SearchAction\",\"target\":{\"@type\":\"EntryPoint\",\"urlTemplate\":\"https:\\\/\\\/www.2silda.ee\\\/?s={search_term_string}\"},\"query-input\":{\"@type\":\"PropertyValueSpecification\",\"valueRequired\":true,\"valueName\":\"search_term_string\"}}],\"inLanguage\":\"en-US\"},{\"@type\":\"Organization\",\"@id\":\"https:\\\/\\\/www.2silda.ee\\\/#organization\",\"name\":\"P\u00e4rnu Kahe Silla Klubi\",\"url\":\"https:\\\/\\\/www.2silda.ee\\\/\",\"logo\":{\"@type\":\"ImageObject\",\"inLanguage\":\"en-US\",\"@id\":\"https:\\\/\\\/www.2silda.ee\\\/#\\\/schema\\\/logo\\\/image\\\/\",\"url\":\"https:\\\/\\\/www.2silda.ee\\\/wp-content\\\/uploads\\\/2022\\\/09\\\/2sillaklubi.png\",\"contentUrl\":\"https:\\\/\\\/www.2silda.ee\\\/wp-content\\\/uploads\\\/2022\\\/09\\\/2sillaklubi.png\",\"width\":400,\"height\":132,\"caption\":\"P\u00e4rnu Kahe Silla Klubi\"},\"image\":{\"@id\":\"https:\\\/\\\/www.2silda.ee\\\/#\\\/schema\\\/logo\\\/image\\\/\"},\"sameAs\":[\"https:\\\/\\\/www.facebook.com\\\/kahesillaklubi\\\/\",\"https:\\\/\\\/www.youtube.com\\\/user\\\/kahesillaklubi\"]}]}<\/script>\n<!-- \/ Yoast SEO plugin. -->","yoast_head_json":{"title":"Program - P\u00e4rnu Kahe Silla Klubi","robots":{"index":"index","follow":"follow","max-snippet":"max-snippet:-1","max-image-preview":"max-image-preview:large","max-video-preview":"max-video-preview:-1"},"canonical":"https:\/\/www.2silda.ee\/en\/two-bridges-race\/program\/","og_locale":"en_US","og_type":"article","og_title":"Program - P\u00e4rnu Kahe Silla Klubi","og_description":"Handing out race materials and pre-registration in competition centers P\u00e4rnu Keskus race center (Aida tn 7, P\u00e4rnu)\u00a0 4.09.2026\u00a0 at 12.00-18.00 Endla Theatre race center \u00a0(Keskv\u00e4ljak 1, P\u00e4rnu) 5.09.2026 at 16.00-21.00 6.09.2026 at 10.00-11.45 September 5, 2026 (Vaasa park, P\u00e4rnu) 16.00-21.30 Family day 16.00-16.20 Registration to the wheelchair race and handing out race materials 16.00-18.35 Registration [...]","og_url":"https:\/\/www.2silda.ee\/en\/two-bridges-race\/program\/","og_site_name":"P\u00e4rnu Kahe Silla Klubi","article_publisher":"https:\/\/www.facebook.com\/kahesillaklubi\/","article_modified_time":"2025-12-21T16:13:45+00:00","twitter_card":"summary_large_image","twitter_misc":{"Est. reading time":"2 minutes"},"schema":{"@context":"https:\/\/schema.org","@graph":[{"@type":"WebPage","@id":"https:\/\/www.2silda.ee\/en\/two-bridges-race\/program\/","url":"https:\/\/www.2silda.ee\/en\/two-bridges-race\/program\/","name":"Program - P\u00e4rnu Kahe Silla Klubi","isPartOf":{"@id":"https:\/\/www.2silda.ee\/#website"},"datePublished":"2017-03-01T13:25:36+00:00","dateModified":"2025-12-21T16:13:45+00:00","breadcrumb":{"@id":"https:\/\/www.2silda.ee\/en\/two-bridges-race\/program\/#breadcrumb"},"inLanguage":"en-US","potentialAction":[{"@type":"ReadAction","target":["https:\/\/www.2silda.ee\/en\/two-bridges-race\/program\/"]}]},{"@type":"BreadcrumbList","@id":"https:\/\/www.2silda.ee\/en\/two-bridges-race\/program\/#breadcrumb","itemListElement":[{"@type":"ListItem","position":1,"name":"Home","item":"https:\/\/www.2silda.ee\/en\/pealeht-2\/"},{"@type":"ListItem","position":2,"name":"Two Bridges Race","item":"https:\/\/www.2silda.ee\/en\/two-bridges-race\/"},{"@type":"ListItem","position":3,"name":"Program"}]},{"@type":"WebSite","@id":"https:\/\/www.2silda.ee\/#website","url":"https:\/\/www.2silda.ee\/","name":"P\u00e4rnu Kahe Silla Klubi","description":"","publisher":{"@id":"https:\/\/www.2silda.ee\/#organization"},"potentialAction":[{"@type":"SearchAction","target":{"@type":"EntryPoint","urlTemplate":"https:\/\/www.2silda.ee\/?s={search_term_string}"},"query-input":{"@type":"PropertyValueSpecification","valueRequired":true,"valueName":"search_term_string"}}],"inLanguage":"en-US"},{"@type":"Organization","@id":"https:\/\/www.2silda.ee\/#organization","name":"P\u00e4rnu Kahe Silla Klubi","url":"https:\/\/www.2silda.ee\/","logo":{"@type":"ImageObject","inLanguage":"en-US","@id":"https:\/\/www.2silda.ee\/#\/schema\/logo\/image\/","url":"https:\/\/www.2silda.ee\/wp-content\/uploads\/2022\/09\/2sillaklubi.png","contentUrl":"https:\/\/www.2silda.ee\/wp-content\/uploads\/2022\/09\/2sillaklubi.png","width":400,"height":132,"caption":"P\u00e4rnu Kahe Silla Klubi"},"image":{"@id":"https:\/\/www.2silda.ee\/#\/schema\/logo\/image\/"},"sameAs":["https:\/\/www.facebook.com\/kahesillaklubi\/","https:\/\/www.youtube.com\/user\/kahesillaklubi"]}]}},"_links":{"self":[{"href":"https:\/\/www.2silda.ee\/en\/wp-json\/wp\/v2\/pages\/16050","targetHints":{"allow":["GET"]}}],"collection":[{"href":"https:\/\/www.2silda.ee\/en\/wp-json\/wp\/v2\/pages"}],"about":[{"href":"https:\/\/www.2silda.ee\/en\/wp-json\/wp\/v2\/types\/page"}],"author":[{"embeddable":true,"href":"https:\/\/www.2silda.ee\/en\/wp-json\/wp\/v2\/users\/7"}],"replies":[{"embeddable":true,"href":"https:\/\/www.2silda.ee\/en\/wp-json\/wp\/v2\/comments?post=16050"}],"version-history":[{"count":31,"href":"https:\/\/www.2silda.ee\/en\/wp-json\/wp\/v2\/pages\/16050\/revisions"}],"predecessor-version":[{"id":56661,"href":"https:\/\/www.2silda.ee\/en\/wp-json\/wp\/v2\/pages\/16050\/revisions\/56661"}],"up":[{"embeddable":true,"href":"https:\/\/www.2silda.ee\/en\/wp-json\/wp\/v2\/pages\/16044"}],"wp:attachment":[{"href":"https:\/\/www.2silda.ee\/en\/wp-json\/wp\/v2\/media?parent=16050"}],"curies":[{"name":"wp","href":"https:\/\/api.w.org\/{rel}","templated":true}]}}