{"id":15159,"date":"2017-01-26T14:13:57","date_gmt":"2017-01-26T12:13:57","guid":{"rendered":"https:\/\/www.2silda.ee\/?page_id=15159\/"},"modified":"2019-01-09T22:15:15","modified_gmt":"2019-01-09T20:15:15","slug":"sport-club","status":"publish","type":"page","link":"https:\/\/www.2silda.ee\/en\/sport-club\/","title":{"rendered":"Sport club"},"content":{"rendered":"<p><span style=\"font-family: georgia, palatino, serif; font-size: 14px;\">In order to call attention of the people and authorities of P\u00e4rnu City to the banks of P\u00e4rnu River and the need for their maintenance, several well-known townsmen, led by Olympic medalist J\u00fcri Jaanson organized the Two Bridges Race in 2001. NGO P\u00e4rnu Two Bridges Club was founded on 2<sup>nd<\/sup> of October in 2002 with the aim of organizing sport events and developing sports tracks of high quality.<\/span><\/p>\n<p><span style=\"font-family: georgia, palatino, serif; font-size: 14px;\">To the public the Club is mostly known as the organizer of sport events. The NGO has initiated the triple event that includes Rannametsa Dune Race, J\u00fcri Jaanson\u2019s Two Bridges Race and P\u00e4rnu Beach Race (until 2015 Two Stadiums Race). The goal is to motivate recreation fans to do sports regularly during the season and to offer the joy of movement to the whole family. Since 2015 Victory day Marathon is organized. In 2018 the marathon carries the name Marathon the Republic of Estonia 100.<\/span><\/p>\n","protected":false},"excerpt":{"rendered":"<p>In order to call attention of the people and authorities of P\u00e4rnu City to the banks of P\u00e4rnu River and the need for their maintenance, several well-known townsmen, led by Olympic medalist J\u00fcri Jaanson organized the Two Bridges Race in 2001. NGO P\u00e4rnu Two Bridges Club was founded on 2nd of October in 2002 with  [&#8230;]<\/p>\n","protected":false},"author":1,"featured_media":0,"parent":0,"menu_order":0,"comment_status":"closed","ping_status":"closed","template":"side-navigation.php","meta":{"_acf_changed":false,"footnotes":""},"class_list":["post-15159","page","type-page","status-publish","hentry"],"acf":[],"yoast_head":"<!-- This site is optimized with the Yoast SEO plugin v27.3 - https:\/\/yoast.com\/product\/yoast-seo-wordpress\/ -->\n<title>Sport club - P\u00e4rnu Kahe Silla Klubi<\/title>\n<meta name=\"robots\" content=\"index, follow, max-snippet:-1, max-image-preview:large, max-video-preview:-1\" \/>\n<link rel=\"canonical\" href=\"https:\/\/www.2silda.ee\/en\/sport-club\/\" \/>\n<meta property=\"og:locale\" content=\"en_US\" \/>\n<meta property=\"og:type\" content=\"article\" \/>\n<meta property=\"og:title\" content=\"Sport club - P\u00e4rnu Kahe Silla Klubi\" \/>\n<meta property=\"og:description\" content=\"In order to call attention of the people and authorities of P\u00e4rnu City to the banks of P\u00e4rnu River and the need for their maintenance, several well-known townsmen, led by Olympic medalist J\u00fcri Jaanson organized the Two Bridges Race in 2001. NGO P\u00e4rnu Two Bridges Club was founded on 2nd of October in 2002 with [...]\" \/>\n<meta property=\"og:url\" content=\"https:\/\/www.2silda.ee\/en\/sport-club\/\" \/>\n<meta property=\"og:site_name\" content=\"P\u00e4rnu Kahe Silla Klubi\" \/>\n<meta property=\"article:publisher\" content=\"https:\/\/www.facebook.com\/kahesillaklubi\/\" \/>\n<meta property=\"article:modified_time\" content=\"2019-01-09T20:15:15+00:00\" \/>\n<meta name=\"twitter:card\" content=\"summary_large_image\" \/>\n<meta name=\"twitter:label1\" content=\"Est. reading time\" \/>\n\t<meta name=\"twitter:data1\" content=\"1 minute\" \/>\n<script type=\"application\/ld+json\" class=\"yoast-schema-graph\">{\"@context\":\"https:\\\/\\\/schema.org\",\"@graph\":[{\"@type\":\"WebPage\",\"@id\":\"https:\\\/\\\/www.2silda.ee\\\/en\\\/sport-club\\\/\",\"url\":\"https:\\\/\\\/www.2silda.ee\\\/en\\\/sport-club\\\/\",\"name\":\"Sport club - P\u00e4rnu Kahe Silla Klubi\",\"isPartOf\":{\"@id\":\"https:\\\/\\\/www.2silda.ee\\\/#website\"},\"datePublished\":\"2017-01-26T12:13:57+00:00\",\"dateModified\":\"2019-01-09T20:15:15+00:00\",\"breadcrumb\":{\"@id\":\"https:\\\/\\\/www.2silda.ee\\\/en\\\/sport-club\\\/#breadcrumb\"},\"inLanguage\":\"en-US\",\"potentialAction\":[{\"@type\":\"ReadAction\",\"target\":[\"https:\\\/\\\/www.2silda.ee\\\/en\\\/sport-club\\\/\"]}]},{\"@type\":\"BreadcrumbList\",\"@id\":\"https:\\\/\\\/www.2silda.ee\\\/en\\\/sport-club\\\/#breadcrumb\",\"itemListElement\":[{\"@type\":\"ListItem\",\"position\":1,\"name\":\"Home\",\"item\":\"https:\\\/\\\/www.2silda.ee\\\/en\\\/pealeht-2\\\/\"},{\"@type\":\"ListItem\",\"position\":2,\"name\":\"Sport club\"}]},{\"@type\":\"WebSite\",\"@id\":\"https:\\\/\\\/www.2silda.ee\\\/#website\",\"url\":\"https:\\\/\\\/www.2silda.ee\\\/\",\"name\":\"P\u00e4rnu Kahe Silla Klubi\",\"description\":\"\",\"publisher\":{\"@id\":\"https:\\\/\\\/www.2silda.ee\\\/#organization\"},\"potentialAction\":[{\"@type\":\"SearchAction\",\"target\":{\"@type\":\"EntryPoint\",\"urlTemplate\":\"https:\\\/\\\/www.2silda.ee\\\/?s={search_term_string}\"},\"query-input\":{\"@type\":\"PropertyValueSpecification\",\"valueRequired\":true,\"valueName\":\"search_term_string\"}}],\"inLanguage\":\"en-US\"},{\"@type\":\"Organization\",\"@id\":\"https:\\\/\\\/www.2silda.ee\\\/#organization\",\"name\":\"P\u00e4rnu Kahe Silla Klubi\",\"url\":\"https:\\\/\\\/www.2silda.ee\\\/\",\"logo\":{\"@type\":\"ImageObject\",\"inLanguage\":\"en-US\",\"@id\":\"https:\\\/\\\/www.2silda.ee\\\/#\\\/schema\\\/logo\\\/image\\\/\",\"url\":\"https:\\\/\\\/www.2silda.ee\\\/wp-content\\\/uploads\\\/2022\\\/09\\\/2sillaklubi.png\",\"contentUrl\":\"https:\\\/\\\/www.2silda.ee\\\/wp-content\\\/uploads\\\/2022\\\/09\\\/2sillaklubi.png\",\"width\":400,\"height\":132,\"caption\":\"P\u00e4rnu Kahe Silla Klubi\"},\"image\":{\"@id\":\"https:\\\/\\\/www.2silda.ee\\\/#\\\/schema\\\/logo\\\/image\\\/\"},\"sameAs\":[\"https:\\\/\\\/www.facebook.com\\\/kahesillaklubi\\\/\",\"https:\\\/\\\/www.youtube.com\\\/user\\\/kahesillaklubi\"]}]}<\/script>\n<!-- \/ Yoast SEO plugin. -->","yoast_head_json":{"title":"Sport club - P\u00e4rnu Kahe Silla Klubi","robots":{"index":"index","follow":"follow","max-snippet":"max-snippet:-1","max-image-preview":"max-image-preview:large","max-video-preview":"max-video-preview:-1"},"canonical":"https:\/\/www.2silda.ee\/en\/sport-club\/","og_locale":"en_US","og_type":"article","og_title":"Sport club - P\u00e4rnu Kahe Silla Klubi","og_description":"In order to call attention of the people and authorities of P\u00e4rnu City to the banks of P\u00e4rnu River and the need for their maintenance, several well-known townsmen, led by Olympic medalist J\u00fcri Jaanson organized the Two Bridges Race in 2001. NGO P\u00e4rnu Two Bridges Club was founded on 2nd of October in 2002 with [...]","og_url":"https:\/\/www.2silda.ee\/en\/sport-club\/","og_site_name":"P\u00e4rnu Kahe Silla Klubi","article_publisher":"https:\/\/www.facebook.com\/kahesillaklubi\/","article_modified_time":"2019-01-09T20:15:15+00:00","twitter_card":"summary_large_image","twitter_misc":{"Est. reading time":"1 minute"},"schema":{"@context":"https:\/\/schema.org","@graph":[{"@type":"WebPage","@id":"https:\/\/www.2silda.ee\/en\/sport-club\/","url":"https:\/\/www.2silda.ee\/en\/sport-club\/","name":"Sport club - P\u00e4rnu Kahe Silla Klubi","isPartOf":{"@id":"https:\/\/www.2silda.ee\/#website"},"datePublished":"2017-01-26T12:13:57+00:00","dateModified":"2019-01-09T20:15:15+00:00","breadcrumb":{"@id":"https:\/\/www.2silda.ee\/en\/sport-club\/#breadcrumb"},"inLanguage":"en-US","potentialAction":[{"@type":"ReadAction","target":["https:\/\/www.2silda.ee\/en\/sport-club\/"]}]},{"@type":"BreadcrumbList","@id":"https:\/\/www.2silda.ee\/en\/sport-club\/#breadcrumb","itemListElement":[{"@type":"ListItem","position":1,"name":"Home","item":"https:\/\/www.2silda.ee\/en\/pealeht-2\/"},{"@type":"ListItem","position":2,"name":"Sport club"}]},{"@type":"WebSite","@id":"https:\/\/www.2silda.ee\/#website","url":"https:\/\/www.2silda.ee\/","name":"P\u00e4rnu Kahe Silla Klubi","description":"","publisher":{"@id":"https:\/\/www.2silda.ee\/#organization"},"potentialAction":[{"@type":"SearchAction","target":{"@type":"EntryPoint","urlTemplate":"https:\/\/www.2silda.ee\/?s={search_term_string}"},"query-input":{"@type":"PropertyValueSpecification","valueRequired":true,"valueName":"search_term_string"}}],"inLanguage":"en-US"},{"@type":"Organization","@id":"https:\/\/www.2silda.ee\/#organization","name":"P\u00e4rnu Kahe Silla Klubi","url":"https:\/\/www.2silda.ee\/","logo":{"@type":"ImageObject","inLanguage":"en-US","@id":"https:\/\/www.2silda.ee\/#\/schema\/logo\/image\/","url":"https:\/\/www.2silda.ee\/wp-content\/uploads\/2022\/09\/2sillaklubi.png","contentUrl":"https:\/\/www.2silda.ee\/wp-content\/uploads\/2022\/09\/2sillaklubi.png","width":400,"height":132,"caption":"P\u00e4rnu Kahe Silla Klubi"},"image":{"@id":"https:\/\/www.2silda.ee\/#\/schema\/logo\/image\/"},"sameAs":["https:\/\/www.facebook.com\/kahesillaklubi\/","https:\/\/www.youtube.com\/user\/kahesillaklubi"]}]}},"_links":{"self":[{"href":"https:\/\/www.2silda.ee\/en\/wp-json\/wp\/v2\/pages\/15159","targetHints":{"allow":["GET"]}}],"collection":[{"href":"https:\/\/www.2silda.ee\/en\/wp-json\/wp\/v2\/pages"}],"about":[{"href":"https:\/\/www.2silda.ee\/en\/wp-json\/wp\/v2\/types\/page"}],"author":[{"embeddable":true,"href":"https:\/\/www.2silda.ee\/en\/wp-json\/wp\/v2\/users\/1"}],"replies":[{"embeddable":true,"href":"https:\/\/www.2silda.ee\/en\/wp-json\/wp\/v2\/comments?post=15159"}],"version-history":[{"count":4,"href":"https:\/\/www.2silda.ee\/en\/wp-json\/wp\/v2\/pages\/15159\/revisions"}],"predecessor-version":[{"id":22040,"href":"https:\/\/www.2silda.ee\/en\/wp-json\/wp\/v2\/pages\/15159\/revisions\/22040"}],"wp:attachment":[{"href":"https:\/\/www.2silda.ee\/en\/wp-json\/wp\/v2\/media?parent=15159"}],"curies":[{"name":"wp","href":"https:\/\/api.w.org\/{rel}","templated":true}]}}